{"id":395,"date":"2023-03-13T07:31:23","date_gmt":"2023-03-13T07:31:23","guid":{"rendered":"https:\/\/www.hmmp.com.hk\/hmmp_wp\/?page_id=395"},"modified":"2023-06-15T03:19:28","modified_gmt":"2023-06-15T03:19:28","slug":"love-raising-among-kids-campaign_zh","status":"publish","type":"page","link":"https:\/\/www.hmmp.com.hk\/hmmp_wp\/community_zh\/love-raising-among-kids-campaign_zh\/","title":{"rendered":"\u7ae5\u5fc3\u7c4c\u96c6\u5927\u884c\u52d5 2006"},"content":{"rendered":"\t\t<div data-elementor-type=\"wp-page\" data-elementor-id=\"395\" class=\"elementor elementor-395\">\n\t\t\t\t\t\t<section class=\"elementor-section elementor-top-section elementor-element elementor-element-4c62a9f elementor-section-boxed elementor-section-height-default elementor-section-height-default\" data-id=\"4c62a9f\" data-element_type=\"section\">\n\t\t\t\t\t\t<div class=\"elementor-container elementor-column-gap-default\">\n\t\t\t\t\t<div class=\"elementor-column elementor-col-100 elementor-top-column elementor-element elementor-element-c1de57b\" data-id=\"c1de57b\" data-element_type=\"column\">\n\t\t\t<div class=\"elementor-widget-wrap elementor-element-populated\">\n\t\t\t\t\t\t<div class=\"elementor-element elementor-element-1b9aa92 elementor-widget elementor-widget-shortcode\" data-id=\"1b9aa92\" data-element_type=\"widget\" data-widget_type=\"shortcode.default\">\n\t\t\t\t<div class=\"elementor-widget-container\">\n\t\t\t\t\t\t\t<div class=\"elementor-shortcode\"><style id=\"depicter-81-inline-pre-css\">\n\n.depicter-81:not(.depicter-ready){\n\twidth:1300px;\n\theight:550px;\n}\n\n\/***** Tablet *****\/\n@media screen and (max-width: 1024px){\n\n.depicter-81:not(.depicter-ready){\n\twidth:1024px;\n\theight:433px;\n}\n\n}\n\/***** Mobile *****\/\n@media screen and (max-width: 767px){\n\n.depicter-81:not(.depicter-ready){\n\twidth:360px;\n\theight:180px;\n}\n\n}\n<\/style>\n<div id=\"depicter-81\" class=\"depicter depicter-document depicter-revert depicter-81\">\n\n<div class=\"depicter-loading-container depicter-loading dotFlashing-dark\"><div class=\"depicter-loading-dark depicter-dot-flashing\">\n   <span><\/span>\n   <span><\/span>\n   <span><\/span>\n<\/div><\/div>\n\n<div class=\"depicter-overlay-layers\">\n<div id=\"depicter-81-element-13\" class=\"depicter-element depicter-layer depicter-81-element-13\" data-type=\"arrow\" data-wrap=\"true\" data-name=\"Arrow 1\" data-local-id=\"element-13\" data-offset=\"x:0px;y:0px;origin:ml\" data-tablet-offset=\"x:0px;y:187px;origin:tl\" data-mobile-offset=\"x:0px;y:75px;origin:tl\" data-actions=\"[['gotoSection','click',0,{'type':'previous','to':''}]]\" data-width=\"60px,60px,30px\" data-height=\"60px,60px,30px\" data-responsive-scale=\"true,,\">\n<svg width=\"8px\" height=\"14px\" viewBox=\"0 0 15.556 26.871\" style=\"position:relative;left:-1px\"><path id=\"arrow_10L\" d=\"M0,13.438H0L13.436,0l2.12,2.12L4.24,13.437,15.557,24.752l-2.121,2.12Z\" transform=\"translate(0 -0.001)\" \/><\/svg>\n<\/div>\n<div id=\"depicter-81-element-14\" class=\"depicter-element depicter-layer depicter-81-element-14\" data-type=\"arrow\" data-wrap=\"true\" data-name=\"Arrow 2\" data-local-id=\"element-14\" data-offset=\"x:0px;y:0px;origin:mr\" data-tablet-offset=\"x:964px;y:187px;origin:tl\" data-mobile-offset=\"x:330px;y:75px;origin:tl\" data-actions=\"[['gotoSection','click',0,{'type':'next','to':''}]]\" data-width=\"60px,60px,30px\" data-height=\"60px,60px,30px\" data-responsive-scale=\"true,,\">\n<svg width=\"8px\" height=\"14px\" viewBox=\"0 0 15.557 26.871\" style=\"position:relative;right:-1px\"><path id=\"arrow_10R\" d=\"M0,24.752,11.317,13.437,0,2.121,2.121,0,15.557,13.435h0l0,0L2.122,26.872Z\" transform=\"translate(-0.001 -0.001)\" \/><\/svg>\n<\/div>\n<\/div>\n\n<div id=\"depicter-81-section-1\" class=\"depicter-section depicter-81-section-1\" data-name=\"Slide 1\" data-local-id=\"section-1\">\n<picture id=\"depicter-81-element-15\" class=\"depicter-element depicter-layer depicter-81-element-15\" data-type=\"image\" data-wrap=\"true\" data-name=\"TDTC_Img1\" data-local-id=\"element-15\" data-offset=\"x:283px;y:0px;origin:tl\" data-tablet-offset=\"x:223px;y:0px;origin:tl\" data-mobile-offset=\"x:60px;y:0px;origin:tl\" data-width=\"735.047px,578.109px,240.688px\" data-height=\"550px,433px,180px\" data-responsive-scale=\"true,,\" data-crop=\"false\">\n<source data-depicter-srcset=\"https:\/\/www.hmmp.com.hk\/hmmp_wp\/wp-content\/uploads\/2023\/05\/community_LoveRaising_2.jpg, https:\/\/www.hmmp.com.hk\/hmmp_wp\/wp-content\/uploads\/2023\/05\/community_LoveRaising_2.jpg 2x\" srcset=\"data:image\/gif;base64,R0lGODlhAQABAIAAAAAAAP\/\/\/yH5BAEAAAAALAAAAAABAAEAAAIBRAA7\" media=\"(max-width: 767px)\" \/>\n\n<source data-depicter-srcset=\"https:\/\/www.hmmp.com.hk\/hmmp_wp\/wp-content\/uploads\/2023\/05\/community_LoveRaising_2-578x433.jpg, https:\/\/www.hmmp.com.hk\/hmmp_wp\/wp-content\/uploads\/2023\/05\/community_LoveRaising_2-1156x866.jpg 2x\" srcset=\"data:image\/gif;base64,R0lGODlhAQABAIAAAAAAAP\/\/\/yH5BAEAAAAALAAAAAABAAEAAAIBRAA7\" media=\"(max-width: 1024px)\" \/>\n\n<source data-depicter-srcset=\"https:\/\/www.hmmp.com.hk\/hmmp_wp\/wp-content\/uploads\/2023\/05\/community_LoveRaising_2-735x550.jpg, https:\/\/www.hmmp.com.hk\/hmmp_wp\/wp-content\/uploads\/2023\/05\/community_LoveRaising_2-1470x1100.jpg 2x\" srcset=\"data:image\/gif;base64,R0lGODlhAQABAIAAAAAAAP\/\/\/yH5BAEAAAAALAAAAAABAAEAAAIBRAA7\" media=\"(min-width: 1025px)\" \/>\n<img decoding=\"async\" src=\"data:image\/gif;base64,R0lGODlhAQABAIAAAAAAAP\/\/\/yH5BAEAAAAALAAAAAABAAEAAAIBRAA7\" data-depicter-src=\"https:\/\/www.hmmp.com.hk\/hmmp_wp\/wp-content\/uploads\/2023\/05\/community_LoveRaising_2-735x550.jpg\" alt=\"\" \/>\n<\/picture><\/div>\n\n<div id=\"depicter-81-section-101\" class=\"depicter-section depicter-81-section-101\" data-name=\"Slide 8\" data-local-id=\"section-101\">\n<picture id=\"depicter-81-element-102\" class=\"depicter-element depicter-layer depicter-81-element-102\" data-type=\"image\" data-wrap=\"true\" data-name=\"Image 8\" data-local-id=\"element-102\" data-offset=\"x:283px;y:0px;origin:tl\" data-tablet-offset=\"x:223px;y:0px;origin:tl\" data-mobile-offset=\"x:60px;y:0px;origin:tl\" data-width=\"735.047px,578.109px,240.688px\" data-height=\"550px,433px,180px\" data-responsive-scale=\"true,,\" data-crop=\"false\">\n<source data-depicter-srcset=\"https:\/\/www.hmmp.com.hk\/hmmp_wp\/wp-content\/uploads\/2023\/05\/community_LoveRaising_1.jpg, https:\/\/www.hmmp.com.hk\/hmmp_wp\/wp-content\/uploads\/2023\/05\/community_LoveRaising_1.jpg 2x\" srcset=\"data:image\/gif;base64,R0lGODlhAQABAIAAAAAAAP\/\/\/yH5BAEAAAAALAAAAAABAAEAAAIBRAA7\" media=\"(max-width: 767px)\" \/>\n\n<source data-depicter-srcset=\"https:\/\/www.hmmp.com.hk\/hmmp_wp\/wp-content\/uploads\/2023\/05\/community_LoveRaising_1-578x433.jpg, https:\/\/www.hmmp.com.hk\/hmmp_wp\/wp-content\/uploads\/2023\/05\/community_LoveRaising_1-1156x866.jpg 2x\" srcset=\"data:image\/gif;base64,R0lGODlhAQABAIAAAAAAAP\/\/\/yH5BAEAAAAALAAAAAABAAEAAAIBRAA7\" media=\"(max-width: 1024px)\" \/>\n\n<source data-depicter-srcset=\"https:\/\/www.hmmp.com.hk\/hmmp_wp\/wp-content\/uploads\/2023\/05\/community_LoveRaising_1-735x550.jpg, https:\/\/www.hmmp.com.hk\/hmmp_wp\/wp-content\/uploads\/2023\/05\/community_LoveRaising_1-1470x1100.jpg 2x\" srcset=\"data:image\/gif;base64,R0lGODlhAQABAIAAAAAAAP\/\/\/yH5BAEAAAAALAAAAAABAAEAAAIBRAA7\" media=\"(min-width: 1025px)\" \/>\n<img decoding=\"async\" src=\"data:image\/gif;base64,R0lGODlhAQABAIAAAAAAAP\/\/\/yH5BAEAAAAALAAAAAABAAEAAAIBRAA7\" data-depicter-src=\"https:\/\/www.hmmp.com.hk\/hmmp_wp\/wp-content\/uploads\/2023\/05\/community_LoveRaising_1-735x550.jpg\" alt=\"\" \/>\n<\/picture><\/div>\n\n<div id=\"depicter-81-section-103\" class=\"depicter-section depicter-81-section-103\" data-name=\"Slide 9\" data-local-id=\"section-103\">\n<picture id=\"depicter-81-element-104\" class=\"depicter-element depicter-layer depicter-81-element-104\" data-type=\"image\" data-wrap=\"true\" data-name=\"Image 9\" data-local-id=\"element-104\" data-offset=\"x:283px;y:0px;origin:tl\" data-tablet-offset=\"x:223px;y:0px;origin:tl\" data-mobile-offset=\"x:60px;y:0px;origin:tl\" data-width=\"735.047px,578.109px,240.688px\" data-height=\"550px,433px,180px\" data-responsive-scale=\"true,,\" data-crop=\"false\">\n<source data-depicter-srcset=\"https:\/\/www.hmmp.com.hk\/hmmp_wp\/wp-content\/uploads\/2023\/05\/community_LoveRaising_4.jpg, https:\/\/www.hmmp.com.hk\/hmmp_wp\/wp-content\/uploads\/2023\/05\/community_LoveRaising_4.jpg 2x\" srcset=\"data:image\/gif;base64,R0lGODlhAQABAIAAAAAAAP\/\/\/yH5BAEAAAAALAAAAAABAAEAAAIBRAA7\" media=\"(max-width: 767px)\" \/>\n\n<source data-depicter-srcset=\"https:\/\/www.hmmp.com.hk\/hmmp_wp\/wp-content\/uploads\/2023\/05\/community_LoveRaising_4-578x433.jpg, https:\/\/www.hmmp.com.hk\/hmmp_wp\/wp-content\/uploads\/2023\/05\/community_LoveRaising_4-1156x866.jpg 2x\" srcset=\"data:image\/gif;base64,R0lGODlhAQABAIAAAAAAAP\/\/\/yH5BAEAAAAALAAAAAABAAEAAAIBRAA7\" media=\"(max-width: 1024px)\" \/>\n\n<source data-depicter-srcset=\"https:\/\/www.hmmp.com.hk\/hmmp_wp\/wp-content\/uploads\/2023\/05\/community_LoveRaising_4-735x550.jpg, https:\/\/www.hmmp.com.hk\/hmmp_wp\/wp-content\/uploads\/2023\/05\/community_LoveRaising_4-1470x1100.jpg 2x\" srcset=\"data:image\/gif;base64,R0lGODlhAQABAIAAAAAAAP\/\/\/yH5BAEAAAAALAAAAAABAAEAAAIBRAA7\" media=\"(min-width: 1025px)\" \/>\n<img decoding=\"async\" src=\"data:image\/gif;base64,R0lGODlhAQABAIAAAAAAAP\/\/\/yH5BAEAAAAALAAAAAABAAEAAAIBRAA7\" data-depicter-src=\"https:\/\/www.hmmp.com.hk\/hmmp_wp\/wp-content\/uploads\/2023\/05\/community_LoveRaising_4-735x550.jpg\" alt=\"\" \/>\n<\/picture><\/div>\n\n<div id=\"depicter-81-section-105\" class=\"depicter-section depicter-81-section-105\" data-name=\"Slide 10\" data-local-id=\"section-105\">\n<picture id=\"depicter-81-element-106\" class=\"depicter-element depicter-layer depicter-81-element-106\" data-type=\"image\" data-wrap=\"true\" data-name=\"Image 10\" data-local-id=\"element-106\" data-offset=\"x:283px;y:0px;origin:tl\" data-tablet-offset=\"x:223px;y:0px;origin:tl\" data-mobile-offset=\"x:60px;y:0px;origin:tl\" data-width=\"735.047px,578.109px,240.688px\" data-height=\"550px,433px,180px\" data-responsive-scale=\"true,,\" data-crop=\"false\">\n<source data-depicter-srcset=\"https:\/\/www.hmmp.com.hk\/hmmp_wp\/wp-content\/uploads\/2023\/05\/community_LoveRaising_3.jpg, https:\/\/www.hmmp.com.hk\/hmmp_wp\/wp-content\/uploads\/2023\/05\/community_LoveRaising_3.jpg 2x\" srcset=\"data:image\/gif;base64,R0lGODlhAQABAIAAAAAAAP\/\/\/yH5BAEAAAAALAAAAAABAAEAAAIBRAA7\" media=\"(max-width: 767px)\" \/>\n\n<source data-depicter-srcset=\"https:\/\/www.hmmp.com.hk\/hmmp_wp\/wp-content\/uploads\/2023\/05\/community_LoveRaising_3-578x433.jpg, https:\/\/www.hmmp.com.hk\/hmmp_wp\/wp-content\/uploads\/2023\/05\/community_LoveRaising_3-1156x866.jpg 2x\" srcset=\"data:image\/gif;base64,R0lGODlhAQABAIAAAAAAAP\/\/\/yH5BAEAAAAALAAAAAABAAEAAAIBRAA7\" media=\"(max-width: 1024px)\" \/>\n\n<source data-depicter-srcset=\"https:\/\/www.hmmp.com.hk\/hmmp_wp\/wp-content\/uploads\/2023\/05\/community_LoveRaising_3-735x550.jpg, https:\/\/www.hmmp.com.hk\/hmmp_wp\/wp-content\/uploads\/2023\/05\/community_LoveRaising_3-1470x1100.jpg 2x\" srcset=\"data:image\/gif;base64,R0lGODlhAQABAIAAAAAAAP\/\/\/yH5BAEAAAAALAAAAAABAAEAAAIBRAA7\" media=\"(min-width: 1025px)\" \/>\n<img decoding=\"async\" src=\"data:image\/gif;base64,R0lGODlhAQABAIAAAAAAAP\/\/\/yH5BAEAAAAALAAAAAABAAEAAAIBRAA7\" data-depicter-src=\"https:\/\/www.hmmp.com.hk\/hmmp_wp\/wp-content\/uploads\/2023\/05\/community_LoveRaising_3-735x550.jpg\" alt=\"\" \/>\n<\/picture><\/div>\n\n<div id=\"depicter-81-section-107\" class=\"depicter-section depicter-81-section-107\" data-name=\"Slide 11\" data-local-id=\"section-107\">\n<picture id=\"depicter-81-element-108\" class=\"depicter-element depicter-layer depicter-81-element-108\" data-type=\"image\" data-wrap=\"true\" data-name=\"Image 11\" data-local-id=\"element-108\" data-offset=\"x:283px;y:0px;origin:tl\" data-tablet-offset=\"x:223px;y:0px;origin:tl\" data-mobile-offset=\"x:0px;y:0px;origin:mc\" data-width=\"735.047px,578.109px,240.688px\" data-height=\"550px,433px,180px\" data-responsive-scale=\"true,,\" data-crop=\"false\">\n<source data-depicter-srcset=\"https:\/\/www.hmmp.com.hk\/hmmp_wp\/wp-content\/uploads\/2023\/05\/community_LoveRaising_5.jpg, https:\/\/www.hmmp.com.hk\/hmmp_wp\/wp-content\/uploads\/2023\/05\/community_LoveRaising_5.jpg 2x\" srcset=\"data:image\/gif;base64,R0lGODlhAQABAIAAAAAAAP\/\/\/yH5BAEAAAAALAAAAAABAAEAAAIBRAA7\" media=\"(max-width: 767px)\" \/>\n\n<source data-depicter-srcset=\"https:\/\/www.hmmp.com.hk\/hmmp_wp\/wp-content\/uploads\/2023\/05\/community_LoveRaising_5-578x433.jpg, https:\/\/www.hmmp.com.hk\/hmmp_wp\/wp-content\/uploads\/2023\/05\/community_LoveRaising_5-1156x866.jpg 2x\" srcset=\"data:image\/gif;base64,R0lGODlhAQABAIAAAAAAAP\/\/\/yH5BAEAAAAALAAAAAABAAEAAAIBRAA7\" media=\"(max-width: 1024px)\" \/>\n\n<source data-depicter-srcset=\"https:\/\/www.hmmp.com.hk\/hmmp_wp\/wp-content\/uploads\/2023\/05\/community_LoveRaising_5-735x550.jpg, https:\/\/www.hmmp.com.hk\/hmmp_wp\/wp-content\/uploads\/2023\/05\/community_LoveRaising_5-1470x1100.jpg 2x\" srcset=\"data:image\/gif;base64,R0lGODlhAQABAIAAAAAAAP\/\/\/yH5BAEAAAAALAAAAAABAAEAAAIBRAA7\" media=\"(min-width: 1025px)\" \/>\n<img decoding=\"async\" src=\"data:image\/gif;base64,R0lGODlhAQABAIAAAAAAAP\/\/\/yH5BAEAAAAALAAAAAABAAEAAAIBRAA7\" data-depicter-src=\"https:\/\/www.hmmp.com.hk\/hmmp_wp\/wp-content\/uploads\/2023\/05\/community_LoveRaising_5-735x550.jpg\" alt=\"\" \/>\n<\/picture><\/div>\n\n<div id=\"depicter-81-section-109\" class=\"depicter-section depicter-81-section-109\" data-name=\"Slide 12\" data-local-id=\"section-109\">\n<picture id=\"depicter-81-element-110\" class=\"depicter-element depicter-layer depicter-81-element-110\" data-type=\"image\" data-wrap=\"true\" data-name=\"Image 12\" data-local-id=\"element-110\" data-offset=\"x:283px;y:0px;origin:tl\" data-tablet-offset=\"x:223px;y:1px;origin:tl\" data-mobile-offset=\"x:59px;y:0px;origin:tl\" data-width=\"735.047px,578.109px,240.266px\" data-height=\"550px,433px,180px\" data-responsive-scale=\"true,,\" data-crop=\"false\">\n<source data-depicter-srcset=\"https:\/\/www.hmmp.com.hk\/hmmp_wp\/wp-content\/uploads\/2023\/05\/community_LoveRaising_6-240x180.jpg, https:\/\/www.hmmp.com.hk\/hmmp_wp\/wp-content\/uploads\/2023\/05\/community_LoveRaising_6-480x360.jpg 2x\" srcset=\"data:image\/gif;base64,R0lGODlhAQABAIAAAAAAAP\/\/\/yH5BAEAAAAALAAAAAABAAEAAAIBRAA7\" media=\"(max-width: 767px)\" \/>\n\n<source data-depicter-srcset=\"https:\/\/www.hmmp.com.hk\/hmmp_wp\/wp-content\/uploads\/2023\/05\/community_LoveRaising_6-578x433.jpg, https:\/\/www.hmmp.com.hk\/hmmp_wp\/wp-content\/uploads\/2023\/05\/community_LoveRaising_6-1156x866.jpg 2x\" srcset=\"data:image\/gif;base64,R0lGODlhAQABAIAAAAAAAP\/\/\/yH5BAEAAAAALAAAAAABAAEAAAIBRAA7\" media=\"(max-width: 1024px)\" \/>\n\n<source data-depicter-srcset=\"https:\/\/www.hmmp.com.hk\/hmmp_wp\/wp-content\/uploads\/2023\/05\/community_LoveRaising_6-735x550.jpg, https:\/\/www.hmmp.com.hk\/hmmp_wp\/wp-content\/uploads\/2023\/05\/community_LoveRaising_6-1470x1100.jpg 2x\" srcset=\"data:image\/gif;base64,R0lGODlhAQABAIAAAAAAAP\/\/\/yH5BAEAAAAALAAAAAABAAEAAAIBRAA7\" media=\"(min-width: 1025px)\" \/>\n<img decoding=\"async\" src=\"data:image\/gif;base64,R0lGODlhAQABAIAAAAAAAP\/\/\/yH5BAEAAAAALAAAAAABAAEAAAIBRAA7\" data-depicter-src=\"https:\/\/www.hmmp.com.hk\/hmmp_wp\/wp-content\/uploads\/2023\/05\/community_LoveRaising_6-735x550.jpg\" alt=\"\" \/>\n<\/picture><\/div>\n<\/div>\n<script>\n(window.depicterSetups = window.depicterSetups || []).push(function(){\n\tDepicter.basePath = 'https:\/\/www.hmmp.com.hk\/hmmp_wp\/wp-content\/plugins\/depicter\/resources\/scripts\/player\/';\n\tconst dpPlayer = Depicter.setup('.depicter-81',\n\t\t{\"width\":[\"1300\",\"1024\",\"360\"],\"height\":[\"550\",\"433\",\"180\"],\"view\":\"basic\",\"keepAspectRatio\":true,\"preload\":0,\"layout\":\"boxed\",\"rtl\":false,\"initAfterAppear\":false,\"ajaxApiUrl\":\"https:\\\/\\\/www.hmmp.com.hk\\\/hmmp_wp\\\/wp-admin\\\/admin-ajax.php\",\"viewOptions\":{\"loop\":true},\"slideshow\":{\"autostart\":true},\"mouseSwipe\":true,\"touchSwipe\":true,\"useWatermark\":false}\n\t);\n});\n<\/script><\/div>\n\t\t\t\t\t\t<\/div>\n\t\t\t\t<\/div>\n\t\t\t\t\t<\/div>\n\t\t<\/div>\n\t\t\t\t\t<\/div>\n\t\t<\/section>\n\t\t\t\t<section class=\"elementor-section elementor-top-section elementor-element elementor-element-ba7675a elementor-section-boxed elementor-section-height-default elementor-section-height-default\" data-id=\"ba7675a\" data-element_type=\"section\">\n\t\t\t\t\t\t<div class=\"elementor-container elementor-column-gap-default\">\n\t\t\t\t\t<div class=\"elementor-column elementor-col-100 elementor-top-column elementor-element elementor-element-b7bee0f\" data-id=\"b7bee0f\" data-element_type=\"column\">\n\t\t\t<div class=\"elementor-widget-wrap elementor-element-populated\">\n\t\t\t\t\t\t<div class=\"elementor-element elementor-element-7b0232e elementor-widget elementor-widget-text-editor\" data-id=\"7b0232e\" data-element_type=\"widget\" data-widget_type=\"text-editor.default\">\n\t\t\t\t<div class=\"elementor-widget-container\">\n\t\t\t\t\t\t\t\t\t<p>\u201c\u7ae5\u5fc3\u7c4c\u96c6\u5927\u884c\u52d5\u201d\u9805\u76ee\u65e8\u5728\u5c07\u6b61\u6a02\u50b3\u905e\u7d66\u6700\u9700\u8981\u5e6b\u52a9\u7684\u5b69\u5b50\u3002\u6211\u5011\u7684\u9805\u76ee\u4f7f\u547d\uff1a\u6210\u70ba\u201c\u611b\u7684\u4f7f\u8005\u201d\uff0c\u8b93\u5b69\u5b50\u5011\u5728\u5373\u5c07\u5230\u4f86\u7684\u516d\u4e00\u5152\u7ae5\u7bc0\u671f\u9593\uff0c\u5c07\u5feb\u6a02\u548c\u611b\u5206\u4eab\u7d66\u4e0d\u5e78\u7684\u5b69\u5b50\u3002<\/p>\n<p>\u6211\u5011\u5e0c\u671b\u8207\u4e0d\u5e78\u7684\u5b69\u5b50\u5206\u4eab\u5feb\u6a02\u548c\u611b\uff0c\u5411\u56db\u5468\u50b3\u64ad\u5feb\u6a02\u548c\u5584\u610f\u3002 \u901a\u904e\u201c\u7ae5\u5fc3\u7c4c\u96c6\u5927\u884c\u52d5\u201d\u9805\u76ee\uff0c\u6539\u8b8a\u4e86\u6700\u9700\u8981\u5e6b\u52a9\u7684\u5152\u7ae5\u7684\u751f\u6d3b\uff0c\u540c\u6642\u4e5f\u5f18\u63da\u4e86\u5152\u7ae5\u7bc0\u7684\u7cbe\u795e\u3002<\/p>\t\t\t\t\t\t\t\t<\/div>\n\t\t\t\t<\/div>\n\t\t\t\t\t<\/div>\n\t\t<\/div>\n\t\t\t\t\t<\/div>\n\t\t<\/section>\n\t\t\t\t<\/div>\n\t\t","protected":false},"excerpt":{"rendered":"<p>\u00e2\u20ac\u0153\u00e7\u00ab\u00a5\u00e5\u00bf\u0192\u00e7\u00b1\u0152\u00e9\u203a\u2020\u00e5\u00a4\u00a7\u00e8\u00a1\u0152\u00e5\u2039\u2022\u00e2\u20ac\u009d\u00e9\u00a0\u2026\u00e7\u203a\u00ae\u00e6\u2014\u00a8\u00e5\u0153\u00a8\u00e5\u00b0\u2021\u00e6\u00ad\u00a1\u00e6\u00a8\u201a\u00e5\u201a\u00b3\u00e9\u0081\u017e\u00e7\u00b5\u00a6\u00e6\u0153\u20ac\u00e9\u0153\u20ac\u00e8\u00a6\u0081\u00e5\u00b9\u00ab\u00e5\u0160\u00a9\u00e7\u0161\u201e\u00e5\u00ad\u00a9\u00e5\u00ad\u0090\u00e3\u20ac\u201a\u00e6\u02c6\u2018\u00e5\u20ac\u2018\u00e7\u0161\u201e\u00e9\u00a0\u2026\u00e7\u203a\u00ae\u00e4\u00bd\u00bf\u00e5\u2018\u00bd\u00ef\u00bc\u0161\u00e6\u02c6\u0090\u00e7\u201a\u00ba\u00e2\u20ac\u0153\u00e6\u201e\u203a\u00e7\u0161\u201e\u00e4\u00bd\u00bf\u00e8\u20ac\u2026\u00e2\u20ac\u009d\u00ef\u00bc\u0152\u00e8\u00ae\u201c\u00e5\u00ad\u00a9\u00e5\u00ad\u0090\u00e5\u20ac\u2018\u00e5\u0153\u00a8\u00e5\u008d\u00b3\u00e5\u00b0\u2021\u00e5\u02c6\u00b0\u00e4\u00be\u2020\u00e7\u0161\u201e\u00e5\u2026\u00ad\u00e4\u00b8\u20ac\u00e5\u2026\u2019\u00e7\u00ab\u00a5\u00e7\u00af\u20ac\u00e6\u0153\u0178\u00e9\u2013\u201c\u00ef\u00bc\u0152\u00e5\u00b0\u2021\u00e5\u00bf\u00ab\u00e6\u00a8\u201a\u00e5\u2019\u0152\u00e6\u201e\u203a\u00e5\u02c6\u2020\u00e4\u00ba\u00ab\u00e7\u00b5\u00a6\u00e4\u00b8\u008d\u00e5\u00b9\u00b8\u00e7\u0161\u201e\u00e5\u00ad\u00a9\u00e5\u00ad\u0090\u00e3\u20ac\u201a \u00e6\u02c6\u2018\u00e5\u20ac\u2018\u00e5\u00b8\u0152\u00e6\u0153\u203a\u00e8\u02c6\u2021\u00e4\u00b8\u008d\u00e5\u00b9\u00b8\u00e7\u0161\u201e\u00e5\u00ad\u00a9\u00e5\u00ad\u0090\u00e5\u02c6\u2020\u00e4\u00ba\u00ab\u00e5\u00bf\u00ab\u00e6\u00a8\u201a\u00e5\u2019\u0152\u00e6\u201e\u203a\u00ef\u00bc\u0152\u00e5\u0090\u2018\u00e5\u203a\u203a\u00e5\u2018\u00a8\u00e5\u201a\u00b3\u00e6\u2019\u00ad\u00e5\u00bf\u00ab\u00e6\u00a8\u201a\u00e5\u2019\u0152\u00e5\u2013\u201e\u00e6\u201e\u008f\u00e3\u20ac\u201a \u00e9\u20ac\u0161\u00e9\u0081\u017d\u00e2\u20ac\u0153\u00e7\u00ab\u00a5\u00e5\u00bf\u0192\u00e7\u00b1\u0152\u00e9\u203a\u2020\u00e5\u00a4\u00a7\u00e8\u00a1\u0152\u00e5\u2039\u2022\u00e2\u20ac\u009d\u00e9\u00a0\u2026\u00e7\u203a\u00ae\u00ef\u00bc\u0152\u00e6\u201d\u00b9\u00e8\u00ae\u0160\u00e4\u00ba\u2020\u00e6\u0153\u20ac\u00e9\u0153\u20ac\u00e8\u00a6\u0081\u00e5\u00b9\u00ab\u00e5\u0160\u00a9\u00e7\u0161\u201e\u00e5\u2026\u2019\u00e7\u00ab\u00a5\u00e7\u0161\u201e\u00e7\u201d\u0178\u00e6\u00b4\u00bb\u00ef\u00bc\u0152\u00e5\u0090\u0152\u00e6\u2122\u201a\u00e4\u00b9\u0178\u00e5\u00bc\u02dc\u00e6\u008f\u0161\u00e4\u00ba\u2020\u00e5\u2026\u2019\u00e7\u00ab\u00a5\u00e7\u00af\u20ac\u00e7\u0161\u201e\u00e7\u00b2\u00be\u00e7\u00a5\u017e\u00e3\u20ac\u201a<\/p>\n","protected":false},"author":1,"featured_media":0,"parent":256,"menu_order":0,"comment_status":"closed","ping_status":"closed","template":"","meta":{"ub_ctt_via":"","vkexunit_cta_each_option":"","footnotes":""},"class_list":["post-395","page","type-page","status-publish","hentry"],"featured_image_src":null,"_links":{"self":[{"href":"https:\/\/www.hmmp.com.hk\/hmmp_wp\/wp-json\/wp\/v2\/pages\/395","targetHints":{"allow":["GET"]}}],"collection":[{"href":"https:\/\/www.hmmp.com.hk\/hmmp_wp\/wp-json\/wp\/v2\/pages"}],"about":[{"href":"https:\/\/www.hmmp.com.hk\/hmmp_wp\/wp-json\/wp\/v2\/types\/page"}],"author":[{"embeddable":true,"href":"https:\/\/www.hmmp.com.hk\/hmmp_wp\/wp-json\/wp\/v2\/users\/1"}],"replies":[{"embeddable":true,"href":"https:\/\/www.hmmp.com.hk\/hmmp_wp\/wp-json\/wp\/v2\/comments?post=395"}],"version-history":[{"count":9,"href":"https:\/\/www.hmmp.com.hk\/hmmp_wp\/wp-json\/wp\/v2\/pages\/395\/revisions"}],"predecessor-version":[{"id":2409,"href":"https:\/\/www.hmmp.com.hk\/hmmp_wp\/wp-json\/wp\/v2\/pages\/395\/revisions\/2409"}],"up":[{"embeddable":true,"href":"https:\/\/www.hmmp.com.hk\/hmmp_wp\/wp-json\/wp\/v2\/pages\/256"}],"wp:attachment":[{"href":"https:\/\/www.hmmp.com.hk\/hmmp_wp\/wp-json\/wp\/v2\/media?parent=395"}],"curies":[{"name":"wp","href":"https:\/\/api.w.org\/{rel}","templated":true}]}}