{"id":391,"date":"2023-03-13T07:29:22","date_gmt":"2023-03-13T07:29:22","guid":{"rendered":"https:\/\/www.hmmp.com.hk\/hmmp_wp\/?page_id=391"},"modified":"2023-06-15T03:19:40","modified_gmt":"2023-06-15T03:19:40","slug":"love-sharing-among-kids_zh","status":"publish","type":"page","link":"https:\/\/www.hmmp.com.hk\/hmmp_wp\/community_zh\/love-sharing-among-kids_zh\/","title":{"rendered":"\u7ae5\u5fc3\u7c4c\u96c6\u5927\u884c\u52d5\u00a02007"},"content":{"rendered":"\t\t<div data-elementor-type=\"wp-page\" data-elementor-id=\"391\" class=\"elementor elementor-391\">\n\t\t\t\t\t\t<section class=\"elementor-section elementor-top-section elementor-element elementor-element-63ab530 elementor-section-boxed elementor-section-height-default elementor-section-height-default\" data-id=\"63ab530\" data-element_type=\"section\">\n\t\t\t\t\t\t<div class=\"elementor-container elementor-column-gap-default\">\n\t\t\t\t\t<div class=\"elementor-column elementor-col-100 elementor-top-column elementor-element elementor-element-9c4c279\" data-id=\"9c4c279\" data-element_type=\"column\">\n\t\t\t<div class=\"elementor-widget-wrap elementor-element-populated\">\n\t\t\t\t\t\t<div class=\"elementor-element elementor-element-bcfa8a8 elementor-widget elementor-widget-shortcode\" data-id=\"bcfa8a8\" data-element_type=\"widget\" data-widget_type=\"shortcode.default\">\n\t\t\t\t<div class=\"elementor-widget-container\">\n\t\t\t\t\t\t\t<div class=\"elementor-shortcode\"><style id=\"depicter-75-inline-pre-css\">\n\n.depicter-75:not(.depicter-ready){\n\twidth:1300px;\n\theight:746px;\n}\n\n\/***** Tablet *****\/\n@media screen and (max-width: 1024px){\n\n.depicter-75:not(.depicter-ready){\n\twidth:1024px;\n\theight:560px;\n}\n\n}\n\/***** Mobile *****\/\n@media screen and (max-width: 767px){\n\n.depicter-75:not(.depicter-ready){\n\twidth:360px;\n\theight:180px;\n}\n\n}\n<\/style>\n<div id=\"depicter-75\" class=\"depicter depicter-document depicter-revert depicter-75\">\n\n<div class=\"depicter-loading-container depicter-loading dotFlashing-dark\"><div class=\"depicter-loading-dark depicter-dot-flashing\">\n   <span><\/span>\n   <span><\/span>\n   <span><\/span>\n<\/div><\/div>\n\n<div class=\"depicter-overlay-layers\">\n<div id=\"depicter-75-element-13\" class=\"depicter-element depicter-layer depicter-75-element-13\" data-type=\"arrow\" data-wrap=\"true\" data-name=\"Arrow 1\" data-local-id=\"element-13\" data-offset=\"x:0px;y:0px;origin:ml\" data-tablet-offset=\"x:0px;y:0px;origin:ml\" data-mobile-offset=\"x:0px;y:75px;origin:tl\" data-actions=\"[['gotoSection','click',0,{'type':'previous','to':''}]]\" data-width=\"60px,60px,30px\" data-height=\"60px,60px,30px\" data-responsive-scale=\"true,,\">\n<svg width=\"8px\" height=\"14px\" viewBox=\"0 0 15.556 26.871\" style=\"position:relative;left:-1px\"><path id=\"arrow_10L\" d=\"M0,13.438H0L13.436,0l2.12,2.12L4.24,13.437,15.557,24.752l-2.121,2.12Z\" transform=\"translate(0 -0.001)\" \/><\/svg>\n<\/div>\n<div id=\"depicter-75-element-14\" class=\"depicter-element depicter-layer depicter-75-element-14\" data-type=\"arrow\" data-wrap=\"true\" data-name=\"Arrow 2\" data-local-id=\"element-14\" data-offset=\"x:1240px;y:343px;origin:tl\" data-tablet-offset=\"x:0px;y:0px;origin:mr\" data-mobile-offset=\"x:330px;y:75px;origin:tl\" data-actions=\"[['gotoSection','click',0,{'type':'next','to':''}]]\" data-width=\"60px,60px,30px\" data-height=\"60px,60px,30px\" data-responsive-scale=\"true,,\">\n<svg width=\"8px\" height=\"14px\" viewBox=\"0 0 15.557 26.871\" style=\"position:relative;right:-1px\"><path id=\"arrow_10R\" d=\"M0,24.752,11.317,13.437,0,2.121,2.121,0,15.557,13.435h0l0,0L2.122,26.872Z\" transform=\"translate(-0.001 -0.001)\" \/><\/svg>\n<\/div>\n<\/div>\n\n<div id=\"depicter-75-section-1\" class=\"depicter-section depicter-75-section-1\" data-name=\"Slide 1\" data-local-id=\"section-1\">\n<picture id=\"depicter-75-element-15\" class=\"depicter-element depicter-layer depicter-75-element-15\" data-type=\"image\" data-wrap=\"true\" data-name=\"TDTC_Img1\" data-local-id=\"element-15\" data-offset=\"x:153px;y:0px;origin:tl\" data-tablet-offset=\"x:138px;y:0px;origin:tl\" data-mobile-offset=\"x:60px;y:0px;origin:tl\" data-width=\"994.953px,748.922px,239.40886699507px\" data-height=\"746px,560px,180px\" data-responsive-scale=\"true,,\" data-crop=\"false\">\n<source data-depicter-srcset=\"https:\/\/www.hmmp.com.hk\/hmmp_wp\/wp-content\/uploads\/2023\/05\/LoveSharingAmongKids-1-239x180.jpg, https:\/\/www.hmmp.com.hk\/hmmp_wp\/wp-content\/uploads\/2023\/05\/LoveSharingAmongKids-1-478x360.jpg 2x\" srcset=\"data:image\/gif;base64,R0lGODlhAQABAIAAAAAAAP\/\/\/yH5BAEAAAAALAAAAAABAAEAAAIBRAA7\" media=\"(max-width: 767px)\" \/>\n\n<source data-depicter-srcset=\"https:\/\/www.hmmp.com.hk\/hmmp_wp\/wp-content\/uploads\/2023\/05\/LoveSharingAmongKids-1.jpg, https:\/\/www.hmmp.com.hk\/hmmp_wp\/wp-content\/uploads\/2023\/05\/LoveSharingAmongKids-1.jpg 2x\" srcset=\"data:image\/gif;base64,R0lGODlhAQABAIAAAAAAAP\/\/\/yH5BAEAAAAALAAAAAABAAEAAAIBRAA7\" media=\"(min-width: 768px)\" \/>\n<img decoding=\"async\" src=\"data:image\/gif;base64,R0lGODlhAQABAIAAAAAAAP\/\/\/yH5BAEAAAAALAAAAAABAAEAAAIBRAA7\" data-depicter-src=\"https:\/\/www.hmmp.com.hk\/hmmp_wp\/wp-content\/uploads\/2023\/05\/LoveSharingAmongKids-1.jpg\" alt=\"\" \/>\n<\/picture><\/div>\n\n<div id=\"depicter-75-section-71\" class=\"depicter-section depicter-75-section-71\" data-name=\"Slide 20\" data-local-id=\"section-71\">\n<picture id=\"depicter-75-element-72\" class=\"depicter-element depicter-layer depicter-75-element-72\" data-type=\"image\" data-wrap=\"true\" data-name=\"Image 20\" data-local-id=\"element-72\" data-offset=\"x:153px;y:0px;origin:tl\" data-tablet-offset=\"x:138px;y:0px;origin:tl\" data-mobile-offset=\"x:60px;y:0px;origin:tl\" data-width=\"993.625px,746.66164705882px,240.59405940594px\" data-height=\"745px,560px,180px\" data-responsive-scale=\"true,,\" data-crop=\"false\">\n<source data-depicter-srcset=\"https:\/\/www.hmmp.com.hk\/hmmp_wp\/wp-content\/uploads\/2023\/05\/LoveSharingAmongKids-2.jpg, https:\/\/www.hmmp.com.hk\/hmmp_wp\/wp-content\/uploads\/2023\/05\/LoveSharingAmongKids-2.jpg 2x\" srcset=\"data:image\/gif;base64,R0lGODlhAQABAIAAAAAAAP\/\/\/yH5BAEAAAAALAAAAAABAAEAAAIBRAA7\" \/>\n<img decoding=\"async\" src=\"data:image\/gif;base64,R0lGODlhAQABAIAAAAAAAP\/\/\/yH5BAEAAAAALAAAAAABAAEAAAIBRAA7\" data-depicter-src=\"https:\/\/www.hmmp.com.hk\/hmmp_wp\/wp-content\/uploads\/2023\/05\/LoveSharingAmongKids-2.jpg\" alt=\"\" \/>\n<\/picture><\/div>\n\n<div id=\"depicter-75-section-73\" class=\"depicter-section depicter-75-section-73\" data-name=\"Slide 21\" data-local-id=\"section-73\">\n<picture id=\"depicter-75-element-74\" class=\"depicter-element depicter-layer depicter-75-element-74\" data-type=\"image\" data-wrap=\"true\" data-name=\"Image 21\" data-local-id=\"element-74\" data-offset=\"x:152px;y:-1px;origin:tl\" data-tablet-offset=\"x:139px;y:0px;origin:tl\" data-mobile-offset=\"x:60px;y:0px;origin:tl\" data-width=\"996.281px,746.06939597315px,239.40886699507px\" data-height=\"747px,560px,180px\" data-responsive-scale=\"true,,\" data-crop=\"false\">\n<source data-depicter-srcset=\"https:\/\/www.hmmp.com.hk\/hmmp_wp\/wp-content\/uploads\/2023\/05\/LoveSharingAmongKids-3-239x180.jpg, https:\/\/www.hmmp.com.hk\/hmmp_wp\/wp-content\/uploads\/2023\/05\/LoveSharingAmongKids-3-478x360.jpg 2x\" srcset=\"data:image\/gif;base64,R0lGODlhAQABAIAAAAAAAP\/\/\/yH5BAEAAAAALAAAAAABAAEAAAIBRAA7\" media=\"(max-width: 767px)\" \/>\n\n<source data-depicter-srcset=\"https:\/\/www.hmmp.com.hk\/hmmp_wp\/wp-content\/uploads\/2023\/05\/LoveSharingAmongKids-3-746x560.jpg, https:\/\/www.hmmp.com.hk\/hmmp_wp\/wp-content\/uploads\/2023\/05\/LoveSharingAmongKids-3-1492x1120.jpg 2x\" srcset=\"data:image\/gif;base64,R0lGODlhAQABAIAAAAAAAP\/\/\/yH5BAEAAAAALAAAAAABAAEAAAIBRAA7\" media=\"(max-width: 1024px)\" \/>\n\n<source data-depicter-srcset=\"https:\/\/www.hmmp.com.hk\/hmmp_wp\/wp-content\/uploads\/2023\/05\/LoveSharingAmongKids-3-996x747.jpg, https:\/\/www.hmmp.com.hk\/hmmp_wp\/wp-content\/uploads\/2023\/05\/LoveSharingAmongKids-3-1992x1494.jpg 2x\" srcset=\"data:image\/gif;base64,R0lGODlhAQABAIAAAAAAAP\/\/\/yH5BAEAAAAALAAAAAABAAEAAAIBRAA7\" media=\"(min-width: 1025px)\" \/>\n<img decoding=\"async\" src=\"data:image\/gif;base64,R0lGODlhAQABAIAAAAAAAP\/\/\/yH5BAEAAAAALAAAAAABAAEAAAIBRAA7\" data-depicter-src=\"https:\/\/www.hmmp.com.hk\/hmmp_wp\/wp-content\/uploads\/2023\/05\/LoveSharingAmongKids-3-996x747.jpg\" alt=\"\" \/>\n<\/picture><\/div>\n\n<div id=\"depicter-75-section-91\" class=\"depicter-section depicter-75-section-91\" data-name=\"Slide 3\" data-local-id=\"section-91\">\n<picture id=\"depicter-75-element-92\" class=\"depicter-element depicter-layer depicter-75-element-92\" data-type=\"image\" data-wrap=\"true\" data-name=\"Image 3\" data-local-id=\"element-92\" data-offset=\"x:152px;y:-1px;origin:tl\" data-tablet-offset=\"x:139px;y:0px;origin:tl\" data-mobile-offset=\"x:60px;y:0px;origin:tl\" data-width=\"996.266px,746.06939597315px,239.391px\" data-height=\"747px,560px,180px\" data-responsive-scale=\"true,,\" data-crop=\"false\">\n<source data-depicter-srcset=\"https:\/\/www.hmmp.com.hk\/hmmp_wp\/wp-content\/uploads\/2023\/05\/LoveSharingAmongKids-4-239x180.jpg, https:\/\/www.hmmp.com.hk\/hmmp_wp\/wp-content\/uploads\/2023\/05\/LoveSharingAmongKids-4-478x360.jpg 2x\" srcset=\"data:image\/gif;base64,R0lGODlhAQABAIAAAAAAAP\/\/\/yH5BAEAAAAALAAAAAABAAEAAAIBRAA7\" media=\"(max-width: 767px)\" \/>\n\n<source data-depicter-srcset=\"https:\/\/www.hmmp.com.hk\/hmmp_wp\/wp-content\/uploads\/2023\/05\/LoveSharingAmongKids-4.jpg, https:\/\/www.hmmp.com.hk\/hmmp_wp\/wp-content\/uploads\/2023\/05\/LoveSharingAmongKids-4.jpg 2x\" srcset=\"data:image\/gif;base64,R0lGODlhAQABAIAAAAAAAP\/\/\/yH5BAEAAAAALAAAAAABAAEAAAIBRAA7\" media=\"(max-width: 1024px)\" \/>\n\n<source data-depicter-srcset=\"https:\/\/www.hmmp.com.hk\/hmmp_wp\/wp-content\/uploads\/2023\/05\/LoveSharingAmongKids-4-996x747.jpg, https:\/\/www.hmmp.com.hk\/hmmp_wp\/wp-content\/uploads\/2023\/05\/LoveSharingAmongKids-4-1992x1494.jpg 2x\" srcset=\"data:image\/gif;base64,R0lGODlhAQABAIAAAAAAAP\/\/\/yH5BAEAAAAALAAAAAABAAEAAAIBRAA7\" media=\"(min-width: 1025px)\" \/>\n<img decoding=\"async\" src=\"data:image\/gif;base64,R0lGODlhAQABAIAAAAAAAP\/\/\/yH5BAEAAAAALAAAAAABAAEAAAIBRAA7\" data-depicter-src=\"https:\/\/www.hmmp.com.hk\/hmmp_wp\/wp-content\/uploads\/2023\/05\/LoveSharingAmongKids-4-996x747.jpg\" alt=\"\" \/>\n<\/picture><\/div>\n\n<div id=\"depicter-75-section-93\" class=\"depicter-section depicter-75-section-93\" data-name=\"Slide 4\" data-local-id=\"section-93\">\n<picture id=\"depicter-75-element-94\" class=\"depicter-element depicter-layer depicter-75-element-94\" data-type=\"image\" data-wrap=\"true\" data-name=\"Image 4\" data-local-id=\"element-94\" data-offset=\"x:152px;y:-1px;origin:tl\" data-tablet-offset=\"x:139px;y:0px;origin:tl\" data-mobile-offset=\"x:60px;y:0px;origin:tl\" data-width=\"996.266px,744.29355704698px,239.40886699507px\" data-height=\"747px,560px,180px\" data-responsive-scale=\"true,,\" data-crop=\"false\">\n<source data-depicter-srcset=\"https:\/\/www.hmmp.com.hk\/hmmp_wp\/wp-content\/uploads\/2023\/05\/LoveSharingAmongKids-5-239x180.jpg, https:\/\/www.hmmp.com.hk\/hmmp_wp\/wp-content\/uploads\/2023\/05\/LoveSharingAmongKids-5-478x360.jpg 2x\" srcset=\"data:image\/gif;base64,R0lGODlhAQABAIAAAAAAAP\/\/\/yH5BAEAAAAALAAAAAABAAEAAAIBRAA7\" media=\"(max-width: 767px)\" \/>\n\n<source data-depicter-srcset=\"https:\/\/www.hmmp.com.hk\/hmmp_wp\/wp-content\/uploads\/2023\/05\/LoveSharingAmongKids-5-744x560.jpg, https:\/\/www.hmmp.com.hk\/hmmp_wp\/wp-content\/uploads\/2023\/05\/LoveSharingAmongKids-5-1488x1120.jpg 2x\" srcset=\"data:image\/gif;base64,R0lGODlhAQABAIAAAAAAAP\/\/\/yH5BAEAAAAALAAAAAABAAEAAAIBRAA7\" media=\"(max-width: 1024px)\" \/>\n\n<source data-depicter-srcset=\"https:\/\/www.hmmp.com.hk\/hmmp_wp\/wp-content\/uploads\/2023\/05\/LoveSharingAmongKids-5-996x747.jpg, https:\/\/www.hmmp.com.hk\/hmmp_wp\/wp-content\/uploads\/2023\/05\/LoveSharingAmongKids-5-1992x1494.jpg 2x\" srcset=\"data:image\/gif;base64,R0lGODlhAQABAIAAAAAAAP\/\/\/yH5BAEAAAAALAAAAAABAAEAAAIBRAA7\" media=\"(min-width: 1025px)\" \/>\n<img decoding=\"async\" src=\"data:image\/gif;base64,R0lGODlhAQABAIAAAAAAAP\/\/\/yH5BAEAAAAALAAAAAABAAEAAAIBRAA7\" data-depicter-src=\"https:\/\/www.hmmp.com.hk\/hmmp_wp\/wp-content\/uploads\/2023\/05\/LoveSharingAmongKids-5-996x747.jpg\" alt=\"\" \/>\n<\/picture><\/div>\n\n<div id=\"depicter-75-section-95\" class=\"depicter-section depicter-75-section-95\" data-name=\"Slide 5\" data-local-id=\"section-95\">\n<picture id=\"depicter-75-element-96\" class=\"depicter-element depicter-layer depicter-75-element-96\" data-type=\"image\" data-wrap=\"true\" data-name=\"Image 5\" data-local-id=\"element-96\" data-offset=\"x:152px;y:-1px;origin:tl\" data-tablet-offset=\"x:139px;y:0px;origin:tl\" data-mobile-offset=\"x:60px;y:0px;origin:tl\" data-width=\"996.281px,746.06939597315px,240.094px\" data-height=\"747px,560px,180px\" data-responsive-scale=\"true,,\" data-crop=\"false\">\n<source data-depicter-srcset=\"https:\/\/www.hmmp.com.hk\/hmmp_wp\/wp-content\/uploads\/2023\/05\/LoveSharingAmongKids-6-240x180.jpg, https:\/\/www.hmmp.com.hk\/hmmp_wp\/wp-content\/uploads\/2023\/05\/LoveSharingAmongKids-6-480x360.jpg 2x\" srcset=\"data:image\/gif;base64,R0lGODlhAQABAIAAAAAAAP\/\/\/yH5BAEAAAAALAAAAAABAAEAAAIBRAA7\" media=\"(max-width: 767px)\" \/>\n\n<source data-depicter-srcset=\"https:\/\/www.hmmp.com.hk\/hmmp_wp\/wp-content\/uploads\/2023\/05\/LoveSharingAmongKids-6-746x560.jpg, https:\/\/www.hmmp.com.hk\/hmmp_wp\/wp-content\/uploads\/2023\/05\/LoveSharingAmongKids-6-1492x1120.jpg 2x\" srcset=\"data:image\/gif;base64,R0lGODlhAQABAIAAAAAAAP\/\/\/yH5BAEAAAAALAAAAAABAAEAAAIBRAA7\" media=\"(max-width: 1024px)\" \/>\n\n<source data-depicter-srcset=\"https:\/\/www.hmmp.com.hk\/hmmp_wp\/wp-content\/uploads\/2023\/05\/LoveSharingAmongKids-6-996x747.jpg, https:\/\/www.hmmp.com.hk\/hmmp_wp\/wp-content\/uploads\/2023\/05\/LoveSharingAmongKids-6-1992x1494.jpg 2x\" srcset=\"data:image\/gif;base64,R0lGODlhAQABAIAAAAAAAP\/\/\/yH5BAEAAAAALAAAAAABAAEAAAIBRAA7\" media=\"(min-width: 1025px)\" \/>\n<img decoding=\"async\" src=\"data:image\/gif;base64,R0lGODlhAQABAIAAAAAAAP\/\/\/yH5BAEAAAAALAAAAAABAAEAAAIBRAA7\" data-depicter-src=\"https:\/\/www.hmmp.com.hk\/hmmp_wp\/wp-content\/uploads\/2023\/05\/LoveSharingAmongKids-6-996x747.jpg\" alt=\"\" \/>\n<\/picture><\/div>\n\n<div id=\"depicter-75-section-97\" class=\"depicter-section depicter-75-section-97\" data-name=\"Slide 6\" data-local-id=\"section-97\">\n<picture id=\"depicter-75-element-98\" class=\"depicter-element depicter-layer depicter-75-element-98\" data-type=\"image\" data-wrap=\"true\" data-name=\"Image 6\" data-local-id=\"element-98\" data-offset=\"x:152px;y:-1px;origin:tl\" data-tablet-offset=\"x:139px;y:0px;origin:tl\" data-mobile-offset=\"x:0px;y:-1px;origin:mc\" data-width=\"996.281px,746.06939597315px,239.406px\" data-height=\"747px,560px,180px\" data-responsive-scale=\"true,,\" data-crop=\"false\">\n<source data-depicter-srcset=\"https:\/\/www.hmmp.com.hk\/hmmp_wp\/wp-content\/uploads\/2023\/05\/LoveSharingAmongKids-7-239x180.jpg, https:\/\/www.hmmp.com.hk\/hmmp_wp\/wp-content\/uploads\/2023\/05\/LoveSharingAmongKids-7-478x360.jpg 2x\" srcset=\"data:image\/gif;base64,R0lGODlhAQABAIAAAAAAAP\/\/\/yH5BAEAAAAALAAAAAABAAEAAAIBRAA7\" media=\"(max-width: 767px)\" \/>\n\n<source data-depicter-srcset=\"https:\/\/www.hmmp.com.hk\/hmmp_wp\/wp-content\/uploads\/2023\/05\/LoveSharingAmongKids-7-746x560.jpg, https:\/\/www.hmmp.com.hk\/hmmp_wp\/wp-content\/uploads\/2023\/05\/LoveSharingAmongKids-7-1492x1120.jpg 2x\" srcset=\"data:image\/gif;base64,R0lGODlhAQABAIAAAAAAAP\/\/\/yH5BAEAAAAALAAAAAABAAEAAAIBRAA7\" media=\"(max-width: 1024px)\" \/>\n\n<source data-depicter-srcset=\"https:\/\/www.hmmp.com.hk\/hmmp_wp\/wp-content\/uploads\/2023\/05\/LoveSharingAmongKids-7-996x747.jpg, https:\/\/www.hmmp.com.hk\/hmmp_wp\/wp-content\/uploads\/2023\/05\/LoveSharingAmongKids-7-1992x1494.jpg 2x\" srcset=\"data:image\/gif;base64,R0lGODlhAQABAIAAAAAAAP\/\/\/yH5BAEAAAAALAAAAAABAAEAAAIBRAA7\" media=\"(min-width: 1025px)\" \/>\n<img decoding=\"async\" src=\"data:image\/gif;base64,R0lGODlhAQABAIAAAAAAAP\/\/\/yH5BAEAAAAALAAAAAABAAEAAAIBRAA7\" data-depicter-src=\"https:\/\/www.hmmp.com.hk\/hmmp_wp\/wp-content\/uploads\/2023\/05\/LoveSharingAmongKids-7-996x747.jpg\" alt=\"\" \/>\n<\/picture><\/div>\n\n<div id=\"depicter-75-section-99\" class=\"depicter-section depicter-75-section-99\" data-name=\"Slide 7\" data-local-id=\"section-99\">\n<picture id=\"depicter-75-element-100\" class=\"depicter-element depicter-layer depicter-75-element-100\" data-type=\"image\" data-wrap=\"true\" data-name=\"Image 7\" data-local-id=\"element-100\" data-offset=\"x:152px;y:-1px;origin:tl\" data-tablet-offset=\"x:139px;y:0px;origin:tl\" data-mobile-offset=\"x:59px;y:0px;origin:tl\" data-width=\"996.281px,746.06939597315px,240.094px\" data-height=\"747px,560px,180px\" data-responsive-scale=\"true,,\" data-crop=\"false\">\n<source data-depicter-srcset=\"https:\/\/www.hmmp.com.hk\/hmmp_wp\/wp-content\/uploads\/2023\/05\/LoveSharingAmongKids-8-240x180.jpg, https:\/\/www.hmmp.com.hk\/hmmp_wp\/wp-content\/uploads\/2023\/05\/LoveSharingAmongKids-8-480x360.jpg 2x\" srcset=\"data:image\/gif;base64,R0lGODlhAQABAIAAAAAAAP\/\/\/yH5BAEAAAAALAAAAAABAAEAAAIBRAA7\" media=\"(max-width: 767px)\" \/>\n\n<source data-depicter-srcset=\"https:\/\/www.hmmp.com.hk\/hmmp_wp\/wp-content\/uploads\/2023\/05\/LoveSharingAmongKids-8-746x560.jpg, https:\/\/www.hmmp.com.hk\/hmmp_wp\/wp-content\/uploads\/2023\/05\/LoveSharingAmongKids-8-1492x1120.jpg 2x\" srcset=\"data:image\/gif;base64,R0lGODlhAQABAIAAAAAAAP\/\/\/yH5BAEAAAAALAAAAAABAAEAAAIBRAA7\" media=\"(max-width: 1024px)\" \/>\n\n<source data-depicter-srcset=\"https:\/\/www.hmmp.com.hk\/hmmp_wp\/wp-content\/uploads\/2023\/05\/LoveSharingAmongKids-8-996x747.jpg, https:\/\/www.hmmp.com.hk\/hmmp_wp\/wp-content\/uploads\/2023\/05\/LoveSharingAmongKids-8-1992x1494.jpg 2x\" srcset=\"data:image\/gif;base64,R0lGODlhAQABAIAAAAAAAP\/\/\/yH5BAEAAAAALAAAAAABAAEAAAIBRAA7\" media=\"(min-width: 1025px)\" \/>\n<img decoding=\"async\" src=\"data:image\/gif;base64,R0lGODlhAQABAIAAAAAAAP\/\/\/yH5BAEAAAAALAAAAAABAAEAAAIBRAA7\" data-depicter-src=\"https:\/\/www.hmmp.com.hk\/hmmp_wp\/wp-content\/uploads\/2023\/05\/LoveSharingAmongKids-8-996x747.jpg\" alt=\"\" \/>\n<\/picture><\/div>\n<\/div>\n<script>\n(window.depicterSetups = window.depicterSetups || []).push(function(){\n\tDepicter.basePath = 'https:\/\/www.hmmp.com.hk\/hmmp_wp\/wp-content\/plugins\/depicter\/resources\/scripts\/player\/';\n\tconst dpPlayer = Depicter.setup('.depicter-75',\n\t\t{\"width\":[\"1300\",\"1024\",\"360\"],\"height\":[\"746\",\"560\",\"180\"],\"view\":\"basic\",\"keepAspectRatio\":true,\"preload\":0,\"layout\":\"boxed\",\"rtl\":false,\"initAfterAppear\":false,\"ajaxApiUrl\":\"https:\\\/\\\/www.hmmp.com.hk\\\/hmmp_wp\\\/wp-admin\\\/admin-ajax.php\",\"viewOptions\":{\"loop\":true},\"slideshow\":{\"autostart\":true},\"mouseSwipe\":true,\"touchSwipe\":true,\"useWatermark\":false}\n\t);\n});\n<\/script><\/div>\n\t\t\t\t\t\t<\/div>\n\t\t\t\t<\/div>\n\t\t\t\t\t<\/div>\n\t\t<\/div>\n\t\t\t\t\t<\/div>\n\t\t<\/section>\n\t\t\t\t<section class=\"elementor-section elementor-top-section elementor-element elementor-element-0f89881 elementor-section-boxed elementor-section-height-default elementor-section-height-default\" data-id=\"0f89881\" data-element_type=\"section\">\n\t\t\t\t\t\t<div class=\"elementor-container elementor-column-gap-default\">\n\t\t\t\t\t<div class=\"elementor-column elementor-col-100 elementor-top-column elementor-element elementor-element-1899bd5\" data-id=\"1899bd5\" data-element_type=\"column\">\n\t\t\t<div class=\"elementor-widget-wrap elementor-element-populated\">\n\t\t\t\t\t\t<div class=\"elementor-element elementor-element-5b94169 elementor-widget elementor-widget-text-editor\" data-id=\"5b94169\" data-element_type=\"widget\" data-widget_type=\"text-editor.default\">\n\t\t\t\t<div class=\"elementor-widget-container\">\n\t\t\t\t\t\t\t\t\t<p>\u70ba\u6709\u9700\u8981\u7684\u5b69\u5b50\u5206\u4eab\u6b61\u6a02\uff0c\u8272\u8abf\u5728\u5152\u7ae5\u7bc0\u50b3\u64ad\u611b\u8207\u5584<\/p>\n<p>\u7dad\u5065\u91ab\u52d9\u6709\u9650\u516c\u53f8\u81f4\u529b\u65bc\u901a\u904e\u5275\u9020\u6a5f\u6703\u8b93\u5152\u7ae5\u8207\u4e0d\u5e78\u7684\u5b69\u5b50\u5206\u4eab\u5feb\u6a02\uff0c\u5f9e\u800c\u4fc3\u9032\u5152\u7ae5\u4e4b\u9593\u7684\u611b\u8207\u5e78\u798f\u3002\u901a\u904e\u6bcf\u5e74\u5152\u7ae5\u7bc0\u7684\u4e00\u7cfb\u5217\u6d3b\u52d5\uff0c\u6211\u5011\u65e8\u5728\u6559\u80b2\u5b69\u5b50\u5011\u5206\u4eab\u548c\u56de\u994b\u793e\u5340\u7684\u91cd\u8981\u6027\u3002<\/p>\n<p>\u7ae5\u5fc3\u7c4c\u96c6\u5927\u884c\u52d5\u6d3b\u52d5\u6709\u52a9\u65bc\u50b3\u64ad\u611b\u548c\u5584\u610f\uff0c\u540c\u6642\u5c0d\u6709\u9700\u8981\u7684\u5152\u7ae5\u7684\u751f\u6d3b\u7522\u751f\u7a4d\u6975\u5f71\u97ff\u3002<\/p>\t\t\t\t\t\t\t\t<\/div>\n\t\t\t\t<\/div>\n\t\t\t\t\t<\/div>\n\t\t<\/div>\n\t\t\t\t\t<\/div>\n\t\t<\/section>\n\t\t\t\t<\/div>\n\t\t","protected":false},"excerpt":{"rendered":"<p>\u00e7\u201a\u00ba\u00e6\u0153\u2030\u00e9\u0153\u20ac\u00e8\u00a6\u0081\u00e7\u0161\u201e\u00e5\u00ad\u00a9\u00e5\u00ad\u0090\u00e5\u02c6\u2020\u00e4\u00ba\u00ab\u00e6\u00ad\u00a1\u00e6\u00a8\u201a\u00ef\u00bc\u0152\u00e8\u2030\u00b2\u00e8\u00aa\u00bf\u00e5\u0153\u00a8\u00e5\u2026\u2019\u00e7\u00ab\u00a5\u00e7\u00af\u20ac\u00e5\u201a\u00b3\u00e6\u2019\u00ad\u00e6\u201e\u203a\u00e8\u02c6\u2021\u00e5\u2013\u201e \u00e7\u00b6\u00ad\u00e5\u0081\u00a5\u00e9\u2020\u00ab\u00e5\u2039\u2122\u00e6\u0153\u2030\u00e9\u2122\u0090\u00e5\u2026\u00ac\u00e5\u008f\u00b8\u00e8\u2021\u00b4\u00e5\u0160\u203a\u00e6\u2013\u00bc\u00e9\u20ac\u0161\u00e9\u0081\u017d\u00e5\u2030\u00b5\u00e9\u20ac\u00a0\u00e6\u00a9\u0178\u00e6\u0153\u0192\u00e8\u00ae\u201c\u00e5\u2026\u2019\u00e7\u00ab\u00a5\u00e8\u02c6\u2021\u00e4\u00b8\u008d\u00e5\u00b9\u00b8\u00e7\u0161\u201e\u00e5\u00ad\u00a9\u00e5\u00ad\u0090\u00e5\u02c6\u2020\u00e4\u00ba\u00ab\u00e5\u00bf\u00ab\u00e6\u00a8\u201a\u00ef\u00bc\u0152\u00e5\u00be\u017e\u00e8\u20ac\u0152\u00e4\u00bf\u0192\u00e9\u20ac\u00b2\u00e5\u2026\u2019\u00e7\u00ab\u00a5\u00e4\u00b9\u2039\u00e9\u2013\u201c\u00e7\u0161\u201e\u00e6\u201e\u203a\u00e8\u02c6\u2021\u00e5\u00b9\u00b8\u00e7\u00a6\u008f\u00e3\u20ac\u201a\u00e9\u20ac\u0161\u00e9\u0081\u017d\u00e6\u00af\u008f\u00e5\u00b9\u00b4\u00e5\u2026\u2019\u00e7\u00ab\u00a5\u00e7\u00af\u20ac\u00e7\u0161\u201e\u00e4\u00b8\u20ac\u00e7\u00b3\u00bb\u00e5\u02c6\u2014\u00e6\u00b4\u00bb\u00e5\u2039\u2022\u00ef\u00bc\u0152\u00e6\u02c6\u2018\u00e5\u20ac\u2018\u00e6\u2014\u00a8\u00e5\u0153\u00a8\u00e6\u2022\u2122\u00e8\u201a\u00b2\u00e5\u00ad\u00a9\u00e5\u00ad\u0090\u00e5\u20ac\u2018\u00e5\u02c6\u2020\u00e4\u00ba\u00ab\u00e5\u2019\u0152\u00e5\u203a\u017e\u00e9\u00a5\u2039\u00e7\u00a4\u00be\u00e5\u008d\u20ac\u00e7\u0161\u201e\u00e9\u2021\u008d\u00e8\u00a6\u0081\u00e6\u20ac\u00a7\u00e3\u20ac\u201a \u00e7\u00ab\u00a5\u00e5\u00bf\u0192\u00e7\u00b1\u0152\u00e9\u203a\u2020\u00e5\u00a4\u00a7\u00e8\u00a1\u0152\u00e5\u2039\u2022\u00e6\u00b4\u00bb\u00e5\u2039\u2022\u00e6\u0153\u2030\u00e5\u0160\u00a9\u00e6\u2013\u00bc\u00e5\u201a\u00b3\u00e6\u2019\u00ad\u00e6\u201e\u203a\u00e5\u2019\u0152\u00e5\u2013\u201e\u00e6\u201e\u008f\u00ef\u00bc\u0152\u00e5\u0090\u0152\u00e6\u2122\u201a\u00e5\u00b0\u008d\u00e6\u0153\u2030\u00e9\u0153\u20ac\u00e8\u00a6\u0081\u00e7\u0161\u201e\u00e5\u2026\u2019\u00e7\u00ab\u00a5\u00e7\u0161\u201e\u00e7\u201d\u0178\u00e6\u00b4\u00bb\u00e7\u201d\u00a2\u00e7\u201d\u0178\u00e7\u00a9\u008d\u00e6\u00a5\u00b5\u00e5\u00bd\u00b1\u00e9\u0178\u00bf\u00e3\u20ac\u201a<\/p>\n","protected":false},"author":1,"featured_media":0,"parent":256,"menu_order":0,"comment_status":"closed","ping_status":"closed","template":"","meta":{"ub_ctt_via":"","vkexunit_cta_each_option":"","footnotes":""},"class_list":["post-391","page","type-page","status-publish","hentry"],"featured_image_src":null,"_links":{"self":[{"href":"https:\/\/www.hmmp.com.hk\/hmmp_wp\/wp-json\/wp\/v2\/pages\/391","targetHints":{"allow":["GET"]}}],"collection":[{"href":"https:\/\/www.hmmp.com.hk\/hmmp_wp\/wp-json\/wp\/v2\/pages"}],"about":[{"href":"https:\/\/www.hmmp.com.hk\/hmmp_wp\/wp-json\/wp\/v2\/types\/page"}],"author":[{"embeddable":true,"href":"https:\/\/www.hmmp.com.hk\/hmmp_wp\/wp-json\/wp\/v2\/users\/1"}],"replies":[{"embeddable":true,"href":"https:\/\/www.hmmp.com.hk\/hmmp_wp\/wp-json\/wp\/v2\/comments?post=391"}],"version-history":[{"count":11,"href":"https:\/\/www.hmmp.com.hk\/hmmp_wp\/wp-json\/wp\/v2\/pages\/391\/revisions"}],"predecessor-version":[{"id":2410,"href":"https:\/\/www.hmmp.com.hk\/hmmp_wp\/wp-json\/wp\/v2\/pages\/391\/revisions\/2410"}],"up":[{"embeddable":true,"href":"https:\/\/www.hmmp.com.hk\/hmmp_wp\/wp-json\/wp\/v2\/pages\/256"}],"wp:attachment":[{"href":"https:\/\/www.hmmp.com.hk\/hmmp_wp\/wp-json\/wp\/v2\/media?parent=391"}],"curies":[{"name":"wp","href":"https:\/\/api.w.org\/{rel}","templated":true}]}}