{"id":387,"date":"2023-03-13T07:12:33","date_gmt":"2023-03-13T07:12:33","guid":{"rendered":"https:\/\/www.hmmp.com.hk\/hmmp_wp\/?page_id=387"},"modified":"2023-06-15T03:16:49","modified_gmt":"2023-06-15T03:16:49","slug":"student-internship-scheme_zh","status":"publish","type":"page","link":"https:\/\/www.hmmp.com.hk\/hmmp_wp\/community_zh\/student-internship-scheme_zh\/","title":{"rendered":"\u5927\u5b78\u751f\u5be6\u7fd2\u8a08\u5283"},"content":{"rendered":"\t\t<div data-elementor-type=\"wp-page\" data-elementor-id=\"387\" class=\"elementor elementor-387\">\n\t\t\t\t\t\t<section class=\"elementor-section elementor-top-section elementor-element elementor-element-eb32826 elementor-section-boxed elementor-section-height-default elementor-section-height-default\" data-id=\"eb32826\" data-element_type=\"section\">\n\t\t\t\t\t\t<div class=\"elementor-container elementor-column-gap-default\">\n\t\t\t\t\t<div class=\"elementor-column elementor-col-100 elementor-top-column elementor-element elementor-element-9e7eaca\" data-id=\"9e7eaca\" data-element_type=\"column\">\n\t\t\t<div class=\"elementor-widget-wrap elementor-element-populated\">\n\t\t\t\t\t\t<div class=\"elementor-element elementor-element-09d5c4f elementor-widget elementor-widget-shortcode\" data-id=\"09d5c4f\" data-element_type=\"widget\" data-widget_type=\"shortcode.default\">\n\t\t\t\t<div class=\"elementor-widget-container\">\n\t\t\t\t\t\t\t<div class=\"elementor-shortcode\"><style id=\"depicter-72-inline-pre-css\">\n\n.depicter-72:not(.depicter-ready){\n\twidth:1300px;\n\theight:746px;\n}\n\n\/***** Tablet *****\/\n@media screen and (max-width: 1024px){\n\n.depicter-72:not(.depicter-ready){\n\twidth:1024px;\n\theight:560px;\n}\n\n}\n\/***** Mobile *****\/\n@media screen and (max-width: 767px){\n\n.depicter-72:not(.depicter-ready){\n\twidth:360px;\n\theight:180px;\n}\n\n}\n<\/style>\n<div id=\"depicter-72\" class=\"depicter depicter-document depicter-revert depicter-72\">\n\n<div class=\"depicter-loading-container depicter-loading dotFlashing-dark\"><div class=\"depicter-loading-dark depicter-dot-flashing\">\n   <span><\/span>\n   <span><\/span>\n   <span><\/span>\n<\/div><\/div>\n\n<div class=\"depicter-overlay-layers\">\n<div id=\"depicter-72-element-13\" class=\"depicter-element depicter-layer depicter-72-element-13\" data-type=\"arrow\" data-wrap=\"true\" data-name=\"Arrow 1\" data-local-id=\"element-13\" data-offset=\"x:0px;y:343px;origin:tl\" data-tablet-offset=\"x:0px;y:0px;origin:ml\" data-mobile-offset=\"x:0px;y:0px;origin:ml\" data-actions=\"[['gotoSection','click',0,{'type':'previous','to':''}]]\" data-width=\"60px,60px,30px\" data-height=\"60px,60px,30px\" data-responsive-scale=\"true,,\">\n<svg width=\"8px\" height=\"14px\" viewBox=\"0 0 15.556 26.871\" style=\"position:relative;left:-1px\"><path id=\"arrow_10L\" d=\"M0,13.438H0L13.436,0l2.12,2.12L4.24,13.437,15.557,24.752l-2.121,2.12Z\" transform=\"translate(0 -0.001)\" \/><\/svg>\n<\/div>\n<div id=\"depicter-72-element-14\" class=\"depicter-element depicter-layer depicter-72-element-14\" data-type=\"arrow\" data-wrap=\"true\" data-name=\"Arrow 2\" data-local-id=\"element-14\" data-offset=\"x:1240px;y:343px;origin:tl\" data-tablet-offset=\"x:0px;y:0px;origin:mr\" data-mobile-offset=\"x:0px;y:0px;origin:mr\" data-actions=\"[['gotoSection','click',0,{'type':'next','to':''}]]\" data-width=\"60px,60px,30px\" data-height=\"60px,60px,30px\" data-responsive-scale=\"true,,\">\n<svg width=\"8px\" height=\"14px\" viewBox=\"0 0 15.557 26.871\" style=\"position:relative;right:-1px\"><path id=\"arrow_10R\" d=\"M0,24.752,11.317,13.437,0,2.121,2.121,0,15.557,13.435h0l0,0L2.122,26.872Z\" transform=\"translate(-0.001 -0.001)\" \/><\/svg>\n<\/div>\n<\/div>\n\n<div id=\"depicter-72-section-1\" class=\"depicter-section depicter-72-section-1\" data-name=\"Slide 1\" data-local-id=\"section-1\">\n<picture id=\"depicter-72-element-15\" class=\"depicter-element depicter-layer depicter-72-element-15\" data-type=\"image\" data-wrap=\"true\" data-name=\"TDTC_Img1\" data-local-id=\"element-15\" data-offset=\"x:91px;y:0px;origin:tl\" data-tablet-offset=\"x:0px;y:0px;origin:mc\" data-mobile-offset=\"x:45px;y:0px;origin:tl\" data-width=\"1118.56px,840px,270px\" data-height=\"746px,560px,180px\" data-responsive-scale=\"true,,\" data-crop=\"false\">\n<source data-depicter-srcset=\"https:\/\/www.hmmp.com.hk\/hmmp_wp\/wp-content\/uploads\/2023\/06\/Student_internship_1-270x180.jpg, https:\/\/www.hmmp.com.hk\/hmmp_wp\/wp-content\/uploads\/2023\/06\/Student_internship_1-540x360.jpg 2x\" srcset=\"data:image\/gif;base64,R0lGODlhAQABAIAAAAAAAP\/\/\/yH5BAEAAAAALAAAAAABAAEAAAIBRAA7\" media=\"(max-width: 767px)\" \/>\n\n<source data-depicter-srcset=\"https:\/\/www.hmmp.com.hk\/hmmp_wp\/wp-content\/uploads\/2023\/06\/Student_internship_1-840x560.jpg, https:\/\/www.hmmp.com.hk\/hmmp_wp\/wp-content\/uploads\/2023\/06\/Student_internship_1-1680x1120.jpg 2x\" srcset=\"data:image\/gif;base64,R0lGODlhAQABAIAAAAAAAP\/\/\/yH5BAEAAAAALAAAAAABAAEAAAIBRAA7\" media=\"(max-width: 1024px)\" \/>\n\n<source data-depicter-srcset=\"https:\/\/www.hmmp.com.hk\/hmmp_wp\/wp-content\/uploads\/2023\/06\/Student_internship_1.jpg, https:\/\/www.hmmp.com.hk\/hmmp_wp\/wp-content\/uploads\/2023\/06\/Student_internship_1.jpg 2x\" srcset=\"data:image\/gif;base64,R0lGODlhAQABAIAAAAAAAP\/\/\/yH5BAEAAAAALAAAAAABAAEAAAIBRAA7\" media=\"(min-width: 1025px)\" \/>\n<img decoding=\"async\" src=\"data:image\/gif;base64,R0lGODlhAQABAIAAAAAAAP\/\/\/yH5BAEAAAAALAAAAAABAAEAAAIBRAA7\" data-depicter-src=\"https:\/\/www.hmmp.com.hk\/hmmp_wp\/wp-content\/uploads\/2023\/06\/Student_internship_1.jpg\" alt=\"\" \/>\n<\/picture><\/div>\n\n<div id=\"depicter-72-section-71\" class=\"depicter-section depicter-72-section-71\" data-name=\"Slide 20\" data-local-id=\"section-71\">\n<picture id=\"depicter-72-element-72\" class=\"depicter-element depicter-layer depicter-72-element-72\" data-type=\"image\" data-wrap=\"true\" data-name=\"Image 20\" data-local-id=\"element-72\" data-offset=\"x:91px;y:0px;origin:tl\" data-tablet-offset=\"x:92px;y:0px;origin:tl\" data-mobile-offset=\"x:44px;y:0px;origin:tl\" data-width=\"1119px,840px,270px\" data-height=\"746px,560px,180px\" data-responsive-scale=\"true,,\" data-crop=\"false\">\n<source data-depicter-srcset=\"https:\/\/www.hmmp.com.hk\/hmmp_wp\/wp-content\/uploads\/2023\/06\/Student_internship_2-270x180.jpg, https:\/\/www.hmmp.com.hk\/hmmp_wp\/wp-content\/uploads\/2023\/06\/Student_internship_2-540x360.jpg 2x\" srcset=\"data:image\/gif;base64,R0lGODlhAQABAIAAAAAAAP\/\/\/yH5BAEAAAAALAAAAAABAAEAAAIBRAA7\" media=\"(max-width: 767px)\" \/>\n\n<source data-depicter-srcset=\"https:\/\/www.hmmp.com.hk\/hmmp_wp\/wp-content\/uploads\/2023\/06\/Student_internship_2-840x560.jpg, https:\/\/www.hmmp.com.hk\/hmmp_wp\/wp-content\/uploads\/2023\/06\/Student_internship_2-1680x1120.jpg 2x\" srcset=\"data:image\/gif;base64,R0lGODlhAQABAIAAAAAAAP\/\/\/yH5BAEAAAAALAAAAAABAAEAAAIBRAA7\" media=\"(max-width: 1024px)\" \/>\n\n<source data-depicter-srcset=\"https:\/\/www.hmmp.com.hk\/hmmp_wp\/wp-content\/uploads\/2023\/06\/Student_internship_2-1119x746.jpg, https:\/\/www.hmmp.com.hk\/hmmp_wp\/wp-content\/uploads\/2023\/06\/Student_internship_2-2238x1492.jpg 2x\" srcset=\"data:image\/gif;base64,R0lGODlhAQABAIAAAAAAAP\/\/\/yH5BAEAAAAALAAAAAABAAEAAAIBRAA7\" media=\"(min-width: 1025px)\" \/>\n<img decoding=\"async\" src=\"data:image\/gif;base64,R0lGODlhAQABAIAAAAAAAP\/\/\/yH5BAEAAAAALAAAAAABAAEAAAIBRAA7\" data-depicter-src=\"https:\/\/www.hmmp.com.hk\/hmmp_wp\/wp-content\/uploads\/2023\/06\/Student_internship_2-1119x746.jpg\" alt=\"\" \/>\n<\/picture><\/div>\n\n<div id=\"depicter-72-section-73\" class=\"depicter-section depicter-72-section-73\" data-name=\"Slide 21\" data-local-id=\"section-73\">\n<picture id=\"depicter-72-element-74\" class=\"depicter-element depicter-layer depicter-72-element-74\" data-type=\"image\" data-wrap=\"true\" data-name=\"Image 21\" data-local-id=\"element-74\" data-offset=\"x:91px;y:0px;origin:tl\" data-tablet-offset=\"x:91px;y:0px;origin:tl\" data-mobile-offset=\"x:44px;y:-1px;origin:tl\" data-width=\"1118.5503014066px,842.234px,269.6738121547px\" data-height=\"746px,560px,180px\" data-responsive-scale=\"true,,\" data-crop=\"false\">\n<source data-depicter-srcset=\"https:\/\/www.hmmp.com.hk\/hmmp_wp\/wp-content\/uploads\/2023\/06\/Student_internship_3.jpg, https:\/\/www.hmmp.com.hk\/hmmp_wp\/wp-content\/uploads\/2023\/06\/Student_internship_3.jpg 2x\" srcset=\"data:image\/gif;base64,R0lGODlhAQABAIAAAAAAAP\/\/\/yH5BAEAAAAALAAAAAABAAEAAAIBRAA7\" media=\"(max-width: 767px)\" \/>\n\n<source data-depicter-srcset=\"https:\/\/www.hmmp.com.hk\/hmmp_wp\/wp-content\/uploads\/2023\/06\/Student_internship_3-842x560.jpg, https:\/\/www.hmmp.com.hk\/hmmp_wp\/wp-content\/uploads\/2023\/06\/Student_internship_3-1684x1120.jpg 2x\" srcset=\"data:image\/gif;base64,R0lGODlhAQABAIAAAAAAAP\/\/\/yH5BAEAAAAALAAAAAABAAEAAAIBRAA7\" media=\"(max-width: 1024px)\" \/>\n\n<source data-depicter-srcset=\"https:\/\/www.hmmp.com.hk\/hmmp_wp\/wp-content\/uploads\/2023\/06\/Student_internship_3.jpg, https:\/\/www.hmmp.com.hk\/hmmp_wp\/wp-content\/uploads\/2023\/06\/Student_internship_3.jpg 2x\" srcset=\"data:image\/gif;base64,R0lGODlhAQABAIAAAAAAAP\/\/\/yH5BAEAAAAALAAAAAABAAEAAAIBRAA7\" media=\"(min-width: 1025px)\" \/>\n<img decoding=\"async\" src=\"data:image\/gif;base64,R0lGODlhAQABAIAAAAAAAP\/\/\/yH5BAEAAAAALAAAAAABAAEAAAIBRAA7\" data-depicter-src=\"https:\/\/www.hmmp.com.hk\/hmmp_wp\/wp-content\/uploads\/2023\/06\/Student_internship_3.jpg\" alt=\"\" \/>\n<\/picture><\/div>\n<\/div>\n<script>\n(window.depicterSetups = window.depicterSetups || []).push(function(){\n\tDepicter.basePath = 'https:\/\/www.hmmp.com.hk\/hmmp_wp\/wp-content\/plugins\/depicter\/resources\/scripts\/player\/';\n\tconst dpPlayer = Depicter.setup('.depicter-72',\n\t\t{\"width\":[\"1300\",\"1024\",\"360\"],\"height\":[\"746\",\"560\",\"180\"],\"view\":\"basic\",\"keepAspectRatio\":true,\"preload\":0,\"layout\":\"boxed\",\"rtl\":false,\"initAfterAppear\":false,\"ajaxApiUrl\":\"https:\\\/\\\/www.hmmp.com.hk\\\/hmmp_wp\\\/wp-admin\\\/admin-ajax.php\",\"viewOptions\":{\"loop\":true},\"slideshow\":{\"autostart\":true},\"mouseSwipe\":true,\"touchSwipe\":true,\"useWatermark\":false}\n\t);\n});\n<\/script><\/div>\n\t\t\t\t\t\t<\/div>\n\t\t\t\t<\/div>\n\t\t\t\t\t<\/div>\n\t\t<\/div>\n\t\t\t\t\t<\/div>\n\t\t<\/section>\n\t\t\t\t<section class=\"elementor-section elementor-top-section elementor-element elementor-element-97f1bcb elementor-section-boxed elementor-section-height-default elementor-section-height-default\" data-id=\"97f1bcb\" data-element_type=\"section\">\n\t\t\t\t\t\t<div class=\"elementor-container elementor-column-gap-default\">\n\t\t\t\t\t<div class=\"elementor-column elementor-col-100 elementor-top-column elementor-element elementor-element-59a93a1\" data-id=\"59a93a1\" data-element_type=\"column\">\n\t\t\t<div class=\"elementor-widget-wrap elementor-element-populated\">\n\t\t\t\t\t\t<div class=\"elementor-element elementor-element-0f0a518 elementor-widget elementor-widget-text-editor\" data-id=\"0f0a518\" data-element_type=\"widget\" data-widget_type=\"text-editor.default\">\n\t\t\t\t<div class=\"elementor-widget-container\">\n\t\t\t\t\t\t\t\t\t<p>\u901a\u904e\u6211\u5011\u5b78\u751f\u5be6\u7fd2\u8a08\u5283\u958b\u555f\u9999\u6e2f\u5e74\u8f15\u4eba\u672a\u4f86\u3002<\/p>\n<p>\u7dad\u5065\u91ab\u52d9\u6709\u9650\u516c\u53f8\u70ba\u5e0c\u671b\u7372\u5f97\u5bf6\u8cb4\u5de5\u4f5c\u7d93\u9a57\u548c\u63a2\u7d22\u4ee4\u4eba\u8208\u596e\u7684\u9999\u6e2f\u7684\u5927\u5b78\u751f\u63d0\u4f9b\u4e86\u4e00\u500b\u7368\u7279\u7684\u6a5f\u6703\u3002\u6211\u5011\u901a\u904e\u5b78\u751f\u5be6\u7fd2\u8a08\u5283\u70ba\u5b78\u751f\u63d0\u4f9b\u4e86\u4e00\u500b\u91cb\u653e\u6f5b\u80fd\u4e26\u70ba\u672a\u4f86\u7684\u8077\u696d\u6a5f\u6703\u505a\u597d\u6e96\u5099\u7684\u5e73\u53f0\u3002<\/p>\n<p>\u901a\u904e\u6211\u5011\u7684\u8a08\u5283\uff0c\u5b78\u751f\u53ef\u4ee5\u5efa\u7acb\u4ed6\u5011\u7684\u5c08\u696d\u7db2\u7d61\uff0c\u63d0\u9ad8\u4ed6\u5011\u7684\u6280\u80fd\uff0c\u4e26\u63a5\u89f8\u4e0d\u540c\u7684\u884c\u696d\uff01<\/p>\t\t\t\t\t\t\t\t<\/div>\n\t\t\t\t<\/div>\n\t\t\t\t\t<\/div>\n\t\t<\/div>\n\t\t\t\t\t<\/div>\n\t\t<\/section>\n\t\t\t\t<\/div>\n\t\t","protected":false},"excerpt":{"rendered":"<p>\u00e9\u20ac\u0161\u00e9\u0081\u017d\u00e6\u02c6\u2018\u00e5\u20ac\u2018\u00e5\u00ad\u00b8\u00e7\u201d\u0178\u00e5\u00af\u00a6\u00e7\u00bf\u2019\u00e8\u00a8\u02c6\u00e5\u0160\u0192\u00e9\u2013\u2039\u00e5\u2022\u0178\u00e9\u00a6\u2122\u00e6\u00b8\u00af\u00e5\u00b9\u00b4\u00e8\u00bc\u2022\u00e4\u00ba\u00ba\u00e6\u0153\u00aa\u00e4\u00be\u2020\u00e3\u20ac\u201a \u00e7\u00b6\u00ad\u00e5\u0081\u00a5\u00e9\u2020\u00ab\u00e5\u2039\u2122\u00e6\u0153\u2030\u00e9\u2122\u0090\u00e5\u2026\u00ac\u00e5\u008f\u00b8\u00e7\u201a\u00ba\u00e5\u00b8\u0152\u00e6\u0153\u203a\u00e7\u008d\u00b2\u00e5\u00be\u2014\u00e5\u00af\u00b6\u00e8\u00b2\u00b4\u00e5\u00b7\u00a5\u00e4\u00bd\u0153\u00e7\u00b6\u201c\u00e9\u00a9\u2014\u00e5\u2019\u0152\u00e6\u017d\u00a2\u00e7\u00b4\u00a2\u00e4\u00bb\u00a4\u00e4\u00ba\u00ba\u00e8\u02c6\u02c6\u00e5\u00a5\u00ae\u00e7\u0161\u201e\u00e9\u00a6\u2122\u00e6\u00b8\u00af\u00e7\u0161\u201e\u00e5\u00a4\u00a7\u00e5\u00ad\u00b8\u00e7\u201d\u0178\u00e6\u008f\u0090\u00e4\u00be\u203a\u00e4\u00ba\u2020\u00e4\u00b8\u20ac\u00e5\u20ac\u2039\u00e7\u008d\u00a8\u00e7\u2030\u00b9\u00e7\u0161\u201e\u00e6\u00a9\u0178\u00e6\u0153\u0192\u00e3\u20ac\u201a\u00e6\u02c6\u2018\u00e5\u20ac\u2018\u00e9\u20ac\u0161\u00e9\u0081\u017d\u00e5\u00ad\u00b8\u00e7\u201d\u0178\u00e5\u00af\u00a6\u00e7\u00bf\u2019\u00e8\u00a8\u02c6\u00e5\u0160\u0192\u00e7\u201a\u00ba\u00e5\u00ad\u00b8\u00e7\u201d\u0178\u00e6\u008f\u0090\u00e4\u00be\u203a\u00e4\u00ba\u2020\u00e4\u00b8\u20ac\u00e5\u20ac\u2039\u00e9\u2021\u2039\u00e6\u201d\u00be\u00e6\u00bd\u203a\u00e8\u0192\u00bd\u00e4\u00b8\u00a6\u00e7\u201a\u00ba\u00e6\u0153\u00aa\u00e4\u00be\u2020\u00e7\u0161\u201e\u00e8\u0081\u00b7\u00e6\u00a5\u00ad\u00e6\u00a9\u0178\u00e6\u0153\u0192\u00e5\u0081\u0161\u00e5\u00a5\u00bd\u00e6\u00ba\u2013\u00e5\u201a\u2122\u00e7\u0161\u201e\u00e5\u00b9\u00b3\u00e5\u008f\u00b0\u00e3\u20ac\u201a \u00e9\u20ac\u0161\u00e9\u0081\u017d\u00e6\u02c6\u2018\u00e5\u20ac\u2018\u00e7\u0161\u201e\u00e8\u00a8\u02c6\u00e5\u0160\u0192\u00ef\u00bc\u0152\u00e5\u00ad\u00b8\u00e7\u201d\u0178\u00e5\u008f\u00af\u00e4\u00bb\u00a5\u00e5\u00bb\u00ba\u00e7\u00ab\u2039\u00e4\u00bb\u2013\u00e5\u20ac\u2018\u00e7\u0161\u201e\u00e5\u00b0\u02c6\u00e6\u00a5\u00ad\u00e7\u00b6\u00b2\u00e7\u00b5\u00a1\u00ef\u00bc\u0152\u00e6\u008f\u0090\u00e9\u00ab\u02dc\u00e4\u00bb\u2013\u00e5\u20ac\u2018\u00e7\u0161\u201e\u00e6\u0160\u20ac\u00e8\u0192\u00bd\u00ef\u00bc\u0152\u00e4\u00b8\u00a6\u00e6\u017d\u00a5\u00e8\u00a7\u00b8\u00e4\u00b8\u008d\u00e5\u0090\u0152\u00e7\u0161\u201e\u00e8\u00a1\u0152\u00e6\u00a5\u00ad\u00ef\u00bc\u0081<\/p>\n","protected":false},"author":1,"featured_media":0,"parent":256,"menu_order":0,"comment_status":"closed","ping_status":"closed","template":"","meta":{"ub_ctt_via":"","vkexunit_cta_each_option":"","footnotes":""},"class_list":["post-387","page","type-page","status-publish","hentry"],"featured_image_src":null,"_links":{"self":[{"href":"https:\/\/www.hmmp.com.hk\/hmmp_wp\/wp-json\/wp\/v2\/pages\/387","targetHints":{"allow":["GET"]}}],"collection":[{"href":"https:\/\/www.hmmp.com.hk\/hmmp_wp\/wp-json\/wp\/v2\/pages"}],"about":[{"href":"https:\/\/www.hmmp.com.hk\/hmmp_wp\/wp-json\/wp\/v2\/types\/page"}],"author":[{"embeddable":true,"href":"https:\/\/www.hmmp.com.hk\/hmmp_wp\/wp-json\/wp\/v2\/users\/1"}],"replies":[{"embeddable":true,"href":"https:\/\/www.hmmp.com.hk\/hmmp_wp\/wp-json\/wp\/v2\/comments?post=387"}],"version-history":[{"count":10,"href":"https:\/\/www.hmmp.com.hk\/hmmp_wp\/wp-json\/wp\/v2\/pages\/387\/revisions"}],"predecessor-version":[{"id":2400,"href":"https:\/\/www.hmmp.com.hk\/hmmp_wp\/wp-json\/wp\/v2\/pages\/387\/revisions\/2400"}],"up":[{"embeddable":true,"href":"https:\/\/www.hmmp.com.hk\/hmmp_wp\/wp-json\/wp\/v2\/pages\/256"}],"wp:attachment":[{"href":"https:\/\/www.hmmp.com.hk\/hmmp_wp\/wp-json\/wp\/v2\/media?parent=387"}],"curies":[{"name":"wp","href":"https:\/\/api.w.org\/{rel}","templated":true}]}}