{"id":364,"date":"2023-03-13T07:00:32","date_gmt":"2023-03-13T07:00:32","guid":{"rendered":"https:\/\/www.hmmp.com.hk\/hmmp_wp\/?page_id=364"},"modified":"2023-06-15T03:19:50","modified_gmt":"2023-06-15T03:19:50","slug":"haveamerrychristmas_zh","status":"publish","type":"page","link":"https:\/\/www.hmmp.com.hk\/hmmp_wp\/community_zh\/haveamerrychristmas_zh\/","title":{"rendered":"\u966a\u60a8\u904e\u8056\u8a95"},"content":{"rendered":"\t\t<div data-elementor-type=\"wp-page\" data-elementor-id=\"364\" class=\"elementor elementor-364\">\n\t\t\t\t\t\t<section class=\"elementor-section elementor-top-section elementor-element elementor-element-d0b526d elementor-section-boxed elementor-section-height-default elementor-section-height-default\" data-id=\"d0b526d\" data-element_type=\"section\">\n\t\t\t\t\t\t<div class=\"elementor-container elementor-column-gap-default\">\n\t\t\t\t\t<div class=\"elementor-column elementor-col-100 elementor-top-column elementor-element elementor-element-80bbe5a\" data-id=\"80bbe5a\" data-element_type=\"column\">\n\t\t\t<div class=\"elementor-widget-wrap elementor-element-populated\">\n\t\t\t\t\t\t<div class=\"elementor-element elementor-element-82017da elementor-widget elementor-widget-shortcode\" data-id=\"82017da\" data-element_type=\"widget\" data-widget_type=\"shortcode.default\">\n\t\t\t\t<div class=\"elementor-widget-container\">\n\t\t\t\t\t\t\t<div class=\"elementor-shortcode\"><style id=\"depicter-44-inline-pre-css\">\n\n.depicter-44:not(.depicter-ready){\n\twidth:1300px;\n\theight:746px;\n}\n\n\/***** Tablet *****\/\n@media screen and (max-width: 1024px){\n\n.depicter-44:not(.depicter-ready){\n\twidth:1024px;\n\theight:560px;\n}\n\n}\n\/***** Mobile *****\/\n@media screen and (max-width: 767px){\n\n.depicter-44:not(.depicter-ready){\n\twidth:360px;\n\theight:180px;\n}\n\n}\n<\/style>\n<div id=\"depicter-44\" class=\"depicter depicter-document depicter-revert depicter-44\">\n\n<div class=\"depicter-loading-container depicter-loading dotFlashing-dark\"><div class=\"depicter-loading-dark depicter-dot-flashing\">\n   <span><\/span>\n   <span><\/span>\n   <span><\/span>\n<\/div><\/div>\n\n<div class=\"depicter-overlay-layers\">\n<div id=\"depicter-44-element-13\" class=\"depicter-element depicter-layer depicter-44-element-13\" data-type=\"arrow\" data-wrap=\"true\" data-name=\"Arrow 1\" data-local-id=\"element-13\" data-offset=\"x:0px;y:343px;origin:tl\" data-tablet-offset=\"x:0px;y:0px;origin:ml\" data-mobile-offset=\"x:0px;y:0px;origin:ml\" data-actions=\"[['gotoSection','click',0,{'type':'previous','to':''}]]\" data-width=\"60px,60px,30px\" data-height=\"60px,60px,30px\" data-responsive-scale=\"true,,\">\n<svg width=\"8px\" height=\"14px\" viewBox=\"0 0 15.556 26.871\" style=\"position:relative;left:-1px\"><path id=\"arrow_10L\" d=\"M0,13.438H0L13.436,0l2.12,2.12L4.24,13.437,15.557,24.752l-2.121,2.12Z\" transform=\"translate(0 -0.001)\" \/><\/svg>\n<\/div>\n<div id=\"depicter-44-element-14\" class=\"depicter-element depicter-layer depicter-44-element-14\" data-type=\"arrow\" data-wrap=\"true\" data-name=\"Arrow 2\" data-local-id=\"element-14\" data-offset=\"x:1240px;y:343px;origin:tl\" data-tablet-offset=\"x:0px;y:0px;origin:mr\" data-mobile-offset=\"x:0px;y:0px;origin:mr\" data-actions=\"[['gotoSection','click',0,{'type':'next','to':''}]]\" data-width=\"60px,60px,30px\" data-height=\"60px,60px,30px\" data-responsive-scale=\"true,,\">\n<svg width=\"8px\" height=\"14px\" viewBox=\"0 0 15.557 26.871\" style=\"position:relative;right:-1px\"><path id=\"arrow_10R\" d=\"M0,24.752,11.317,13.437,0,2.121,2.121,0,15.557,13.435h0l0,0L2.122,26.872Z\" transform=\"translate(-0.001 -0.001)\" \/><\/svg>\n<\/div>\n<\/div>\n\n<div id=\"depicter-44-section-1\" class=\"depicter-section depicter-44-section-1\" data-name=\"Slide 1\" data-local-id=\"section-1\">\n<picture id=\"depicter-44-element-15\" class=\"depicter-element depicter-layer depicter-44-element-15\" data-type=\"image\" data-wrap=\"true\" data-name=\"TDTC_Img1\" data-local-id=\"element-15\" data-offset=\"x:80px;y:0px;origin:tl\" data-tablet-offset=\"x:84px;y:0px;origin:tl\" data-mobile-offset=\"x:42px;y:0px;origin:tl\" data-width=\"1140px,855.75px,275.047px\" data-height=\"746px,560px,180px\" data-responsive-scale=\"true,,\" data-crop=\"false\">\n<source data-depicter-srcset=\"https:\/\/www.hmmp.com.hk\/hmmp_wp\/wp-content\/uploads\/2023\/06\/MerryChristmas-_1-275x180.jpg, https:\/\/www.hmmp.com.hk\/hmmp_wp\/wp-content\/uploads\/2023\/06\/MerryChristmas-_1-550x360.jpg 2x\" srcset=\"data:image\/gif;base64,R0lGODlhAQABAIAAAAAAAP\/\/\/yH5BAEAAAAALAAAAAABAAEAAAIBRAA7\" media=\"(max-width: 767px)\" \/>\n\n<source data-depicter-srcset=\"https:\/\/www.hmmp.com.hk\/hmmp_wp\/wp-content\/uploads\/2023\/06\/MerryChristmas-_1.jpg, https:\/\/www.hmmp.com.hk\/hmmp_wp\/wp-content\/uploads\/2023\/06\/MerryChristmas-_1.jpg 2x\" srcset=\"data:image\/gif;base64,R0lGODlhAQABAIAAAAAAAP\/\/\/yH5BAEAAAAALAAAAAABAAEAAAIBRAA7\" media=\"(max-width: 1024px)\" \/>\n\n<source data-depicter-srcset=\"https:\/\/www.hmmp.com.hk\/hmmp_wp\/wp-content\/uploads\/2023\/06\/MerryChristmas-_1-1140x746.jpg, https:\/\/www.hmmp.com.hk\/hmmp_wp\/wp-content\/uploads\/2023\/06\/MerryChristmas-_1-2280x1492.jpg 2x\" srcset=\"data:image\/gif;base64,R0lGODlhAQABAIAAAAAAAP\/\/\/yH5BAEAAAAALAAAAAABAAEAAAIBRAA7\" media=\"(min-width: 1025px)\" \/>\n<img decoding=\"async\" src=\"data:image\/gif;base64,R0lGODlhAQABAIAAAAAAAP\/\/\/yH5BAEAAAAALAAAAAABAAEAAAIBRAA7\" data-depicter-src=\"https:\/\/www.hmmp.com.hk\/hmmp_wp\/wp-content\/uploads\/2023\/06\/MerryChristmas-_1-1140x746.jpg\" alt=\"\" \/>\n<\/picture><\/div>\n\n<div id=\"depicter-44-section-16\" class=\"depicter-section depicter-44-section-16\" data-name=\"Slide 2\" data-local-id=\"section-16\">\n<picture id=\"depicter-44-element-17\" class=\"depicter-element depicter-layer depicter-44-element-17\" data-type=\"image\" data-wrap=\"true\" data-name=\"Image 4\" data-local-id=\"element-17\" data-offset=\"x:80px;y:0px;origin:tl\" data-tablet-offset=\"x:84px;y:0px;origin:tl\" data-mobile-offset=\"x:43px;y:0px;origin:tl\" data-width=\"1140px,855.75px,275.047px\" data-height=\"746px,560px,180px\" data-responsive-scale=\"true,,\" data-crop=\"false\">\n<source data-depicter-srcset=\"https:\/\/www.hmmp.com.hk\/hmmp_wp\/wp-content\/uploads\/2023\/06\/MerryChristmas-_2-275x180.jpg, https:\/\/www.hmmp.com.hk\/hmmp_wp\/wp-content\/uploads\/2023\/06\/MerryChristmas-_2-550x360.jpg 2x\" srcset=\"data:image\/gif;base64,R0lGODlhAQABAIAAAAAAAP\/\/\/yH5BAEAAAAALAAAAAABAAEAAAIBRAA7\" media=\"(max-width: 767px)\" \/>\n\n<source data-depicter-srcset=\"https:\/\/www.hmmp.com.hk\/hmmp_wp\/wp-content\/uploads\/2023\/06\/MerryChristmas-_2.jpg, https:\/\/www.hmmp.com.hk\/hmmp_wp\/wp-content\/uploads\/2023\/06\/MerryChristmas-_2.jpg 2x\" srcset=\"data:image\/gif;base64,R0lGODlhAQABAIAAAAAAAP\/\/\/yH5BAEAAAAALAAAAAABAAEAAAIBRAA7\" media=\"(max-width: 1024px)\" \/>\n\n<source data-depicter-srcset=\"https:\/\/www.hmmp.com.hk\/hmmp_wp\/wp-content\/uploads\/2023\/06\/MerryChristmas-_2-1140x746.jpg, https:\/\/www.hmmp.com.hk\/hmmp_wp\/wp-content\/uploads\/2023\/06\/MerryChristmas-_2-2280x1492.jpg 2x\" srcset=\"data:image\/gif;base64,R0lGODlhAQABAIAAAAAAAP\/\/\/yH5BAEAAAAALAAAAAABAAEAAAIBRAA7\" media=\"(min-width: 1025px)\" \/>\n<img decoding=\"async\" src=\"data:image\/gif;base64,R0lGODlhAQABAIAAAAAAAP\/\/\/yH5BAEAAAAALAAAAAABAAEAAAIBRAA7\" data-depicter-src=\"https:\/\/www.hmmp.com.hk\/hmmp_wp\/wp-content\/uploads\/2023\/06\/MerryChristmas-_2-1140x746.jpg\" alt=\"\" \/>\n<\/picture><\/div>\n\n<div id=\"depicter-44-section-18\" class=\"depicter-section depicter-44-section-18\" data-name=\"Slide 3\" data-local-id=\"section-18\">\n<picture id=\"depicter-44-element-19\" class=\"depicter-element depicter-layer depicter-44-element-19\" data-type=\"image\" data-wrap=\"true\" data-name=\"Image 5\" data-local-id=\"element-19\" data-offset=\"x:80px;y:0px;origin:tl\" data-tablet-offset=\"x:84px;y:0px;origin:tl\" data-mobile-offset=\"x:42px;y:0px;origin:tl\" data-width=\"1140px,855.75px,275.047px\" data-height=\"746px,560px,180px\" data-responsive-scale=\"true,,\" data-crop=\"false\">\n<source data-depicter-srcset=\"https:\/\/www.hmmp.com.hk\/hmmp_wp\/wp-content\/uploads\/2023\/06\/MerryChristmas-_3-275x180.jpg, https:\/\/www.hmmp.com.hk\/hmmp_wp\/wp-content\/uploads\/2023\/06\/MerryChristmas-_3-550x360.jpg 2x\" srcset=\"data:image\/gif;base64,R0lGODlhAQABAIAAAAAAAP\/\/\/yH5BAEAAAAALAAAAAABAAEAAAIBRAA7\" media=\"(max-width: 767px)\" \/>\n\n<source data-depicter-srcset=\"https:\/\/www.hmmp.com.hk\/hmmp_wp\/wp-content\/uploads\/2023\/06\/MerryChristmas-_3-854x560.jpg, https:\/\/www.hmmp.com.hk\/hmmp_wp\/wp-content\/uploads\/2023\/06\/MerryChristmas-_3-1708x1120.jpg 2x\" srcset=\"data:image\/gif;base64,R0lGODlhAQABAIAAAAAAAP\/\/\/yH5BAEAAAAALAAAAAABAAEAAAIBRAA7\" media=\"(max-width: 1024px)\" \/>\n\n<source data-depicter-srcset=\"https:\/\/www.hmmp.com.hk\/hmmp_wp\/wp-content\/uploads\/2023\/06\/MerryChristmas-_3-1140x746.jpg, https:\/\/www.hmmp.com.hk\/hmmp_wp\/wp-content\/uploads\/2023\/06\/MerryChristmas-_3-2280x1492.jpg 2x\" srcset=\"data:image\/gif;base64,R0lGODlhAQABAIAAAAAAAP\/\/\/yH5BAEAAAAALAAAAAABAAEAAAIBRAA7\" media=\"(min-width: 1025px)\" \/>\n<img decoding=\"async\" src=\"data:image\/gif;base64,R0lGODlhAQABAIAAAAAAAP\/\/\/yH5BAEAAAAALAAAAAABAAEAAAIBRAA7\" data-depicter-src=\"https:\/\/www.hmmp.com.hk\/hmmp_wp\/wp-content\/uploads\/2023\/06\/MerryChristmas-_3-1140x746.jpg\" alt=\"\" \/>\n<\/picture><\/div>\n\n<div id=\"depicter-44-section-20\" class=\"depicter-section depicter-44-section-20\" data-name=\"Slide 4\" data-local-id=\"section-20\">\n<picture id=\"depicter-44-element-21\" class=\"depicter-element depicter-layer depicter-44-element-21\" data-type=\"image\" data-wrap=\"true\" data-name=\"Image 6\" data-local-id=\"element-21\" data-offset=\"x:80px;y:0px;origin:tl\" data-tablet-offset=\"x:84px;y:0px;origin:tl\" data-mobile-offset=\"x:43px;y:0px;origin:tl\" data-width=\"1140px,855.75px,275.047px\" data-height=\"746px,560px,180px\" data-responsive-scale=\"true,,\" data-crop=\"false\">\n<source data-depicter-srcset=\"https:\/\/www.hmmp.com.hk\/hmmp_wp\/wp-content\/uploads\/2023\/06\/MerryChristmas-_4-275x180.jpg, https:\/\/www.hmmp.com.hk\/hmmp_wp\/wp-content\/uploads\/2023\/06\/MerryChristmas-_4-550x360.jpg 2x\" srcset=\"data:image\/gif;base64,R0lGODlhAQABAIAAAAAAAP\/\/\/yH5BAEAAAAALAAAAAABAAEAAAIBRAA7\" media=\"(max-width: 767px)\" \/>\n\n<source data-depicter-srcset=\"https:\/\/www.hmmp.com.hk\/hmmp_wp\/wp-content\/uploads\/2023\/06\/MerryChristmas-_4.jpg, https:\/\/www.hmmp.com.hk\/hmmp_wp\/wp-content\/uploads\/2023\/06\/MerryChristmas-_4.jpg 2x\" srcset=\"data:image\/gif;base64,R0lGODlhAQABAIAAAAAAAP\/\/\/yH5BAEAAAAALAAAAAABAAEAAAIBRAA7\" media=\"(max-width: 1024px)\" \/>\n\n<source data-depicter-srcset=\"https:\/\/www.hmmp.com.hk\/hmmp_wp\/wp-content\/uploads\/2023\/06\/MerryChristmas-_4-1140x746.jpg, https:\/\/www.hmmp.com.hk\/hmmp_wp\/wp-content\/uploads\/2023\/06\/MerryChristmas-_4-2280x1492.jpg 2x\" srcset=\"data:image\/gif;base64,R0lGODlhAQABAIAAAAAAAP\/\/\/yH5BAEAAAAALAAAAAABAAEAAAIBRAA7\" media=\"(min-width: 1025px)\" \/>\n<img decoding=\"async\" src=\"data:image\/gif;base64,R0lGODlhAQABAIAAAAAAAP\/\/\/yH5BAEAAAAALAAAAAABAAEAAAIBRAA7\" data-depicter-src=\"https:\/\/www.hmmp.com.hk\/hmmp_wp\/wp-content\/uploads\/2023\/06\/MerryChristmas-_4-1140x746.jpg\" alt=\"\" \/>\n<\/picture><\/div>\n\n<div id=\"depicter-44-section-22\" class=\"depicter-section depicter-44-section-22\" data-name=\"Slide 5\" data-local-id=\"section-22\">\n<picture id=\"depicter-44-element-23\" class=\"depicter-element depicter-layer depicter-44-element-23\" data-type=\"image\" data-wrap=\"true\" data-name=\"Image 7\" data-local-id=\"element-23\" data-offset=\"x:80px;y:0px;origin:tl\" data-tablet-offset=\"x:84px;y:0px;origin:tl\" data-mobile-offset=\"x:44px;y:0px;origin:tl\" data-width=\"1140px,855.75px,275.047px\" data-height=\"746px,560px,180px\" data-responsive-scale=\"true,,\" data-crop=\"false\">\n<source data-depicter-srcset=\"https:\/\/www.hmmp.com.hk\/hmmp_wp\/wp-content\/uploads\/2023\/06\/MerryChristmas-_5-275x180.jpg, https:\/\/www.hmmp.com.hk\/hmmp_wp\/wp-content\/uploads\/2023\/06\/MerryChristmas-_5-550x360.jpg 2x\" srcset=\"data:image\/gif;base64,R0lGODlhAQABAIAAAAAAAP\/\/\/yH5BAEAAAAALAAAAAABAAEAAAIBRAA7\" media=\"(max-width: 767px)\" \/>\n\n<source data-depicter-srcset=\"https:\/\/www.hmmp.com.hk\/hmmp_wp\/wp-content\/uploads\/2023\/06\/MerryChristmas-_5.jpg, https:\/\/www.hmmp.com.hk\/hmmp_wp\/wp-content\/uploads\/2023\/06\/MerryChristmas-_5.jpg 2x\" srcset=\"data:image\/gif;base64,R0lGODlhAQABAIAAAAAAAP\/\/\/yH5BAEAAAAALAAAAAABAAEAAAIBRAA7\" media=\"(max-width: 1024px)\" \/>\n\n<source data-depicter-srcset=\"https:\/\/www.hmmp.com.hk\/hmmp_wp\/wp-content\/uploads\/2023\/06\/MerryChristmas-_5-1140x746.jpg, https:\/\/www.hmmp.com.hk\/hmmp_wp\/wp-content\/uploads\/2023\/06\/MerryChristmas-_5-2280x1492.jpg 2x\" srcset=\"data:image\/gif;base64,R0lGODlhAQABAIAAAAAAAP\/\/\/yH5BAEAAAAALAAAAAABAAEAAAIBRAA7\" media=\"(min-width: 1025px)\" \/>\n<img decoding=\"async\" src=\"data:image\/gif;base64,R0lGODlhAQABAIAAAAAAAP\/\/\/yH5BAEAAAAALAAAAAABAAEAAAIBRAA7\" data-depicter-src=\"https:\/\/www.hmmp.com.hk\/hmmp_wp\/wp-content\/uploads\/2023\/06\/MerryChristmas-_5-1140x746.jpg\" alt=\"\" \/>\n<\/picture><\/div>\n\n<div id=\"depicter-44-section-24\" class=\"depicter-section depicter-44-section-24\" data-name=\"Slide 6\" data-local-id=\"section-24\">\n<picture id=\"depicter-44-element-25\" class=\"depicter-element depicter-layer depicter-44-element-25\" data-type=\"image\" data-wrap=\"true\" data-name=\"Image 8\" data-local-id=\"element-25\" data-offset=\"x:80px;y:0px;origin:tl\" data-tablet-offset=\"x:84px;y:0px;origin:tl\" data-mobile-offset=\"x:1px;y:0px;origin:mc\" data-width=\"1140px,855.75px,275.047px\" data-height=\"746px,560px,180px\" data-responsive-scale=\"true,,\" data-crop=\"false\">\n<source data-depicter-srcset=\"https:\/\/www.hmmp.com.hk\/hmmp_wp\/wp-content\/uploads\/2023\/06\/MerryChristmas-_6-275x180.jpg, https:\/\/www.hmmp.com.hk\/hmmp_wp\/wp-content\/uploads\/2023\/06\/MerryChristmas-_6-550x360.jpg 2x\" srcset=\"data:image\/gif;base64,R0lGODlhAQABAIAAAAAAAP\/\/\/yH5BAEAAAAALAAAAAABAAEAAAIBRAA7\" media=\"(max-width: 767px)\" \/>\n\n<source data-depicter-srcset=\"https:\/\/www.hmmp.com.hk\/hmmp_wp\/wp-content\/uploads\/2023\/06\/MerryChristmas-_6.jpg, https:\/\/www.hmmp.com.hk\/hmmp_wp\/wp-content\/uploads\/2023\/06\/MerryChristmas-_6.jpg 2x\" srcset=\"data:image\/gif;base64,R0lGODlhAQABAIAAAAAAAP\/\/\/yH5BAEAAAAALAAAAAABAAEAAAIBRAA7\" media=\"(max-width: 1024px)\" \/>\n\n<source data-depicter-srcset=\"https:\/\/www.hmmp.com.hk\/hmmp_wp\/wp-content\/uploads\/2023\/06\/MerryChristmas-_6-1140x746.jpg, https:\/\/www.hmmp.com.hk\/hmmp_wp\/wp-content\/uploads\/2023\/06\/MerryChristmas-_6-2280x1492.jpg 2x\" srcset=\"data:image\/gif;base64,R0lGODlhAQABAIAAAAAAAP\/\/\/yH5BAEAAAAALAAAAAABAAEAAAIBRAA7\" media=\"(min-width: 1025px)\" \/>\n<img decoding=\"async\" src=\"data:image\/gif;base64,R0lGODlhAQABAIAAAAAAAP\/\/\/yH5BAEAAAAALAAAAAABAAEAAAIBRAA7\" data-depicter-src=\"https:\/\/www.hmmp.com.hk\/hmmp_wp\/wp-content\/uploads\/2023\/06\/MerryChristmas-_6-1140x746.jpg\" alt=\"\" \/>\n<\/picture><\/div>\n\n<div id=\"depicter-44-section-26\" class=\"depicter-section depicter-44-section-26\" data-name=\"Slide 7\" data-local-id=\"section-26\">\n<picture id=\"depicter-44-element-27\" class=\"depicter-element depicter-layer depicter-44-element-27\" data-type=\"image\" data-wrap=\"true\" data-name=\"Image 9\" data-local-id=\"element-27\" data-offset=\"x:80px;y:0px;origin:tl\" data-tablet-offset=\"x:84px;y:0px;origin:tl\" data-mobile-offset=\"x:1px;y:0px;origin:mc\" data-width=\"1140px,855.75px,275.047px\" data-height=\"746px,560px,180px\" data-responsive-scale=\"true,,\" data-crop=\"false\">\n<source data-depicter-srcset=\"https:\/\/www.hmmp.com.hk\/hmmp_wp\/wp-content\/uploads\/2023\/06\/MerryChristmas-_7-275x180.jpg, https:\/\/www.hmmp.com.hk\/hmmp_wp\/wp-content\/uploads\/2023\/06\/MerryChristmas-_7-550x360.jpg 2x\" srcset=\"data:image\/gif;base64,R0lGODlhAQABAIAAAAAAAP\/\/\/yH5BAEAAAAALAAAAAABAAEAAAIBRAA7\" media=\"(max-width: 767px)\" \/>\n\n<source data-depicter-srcset=\"https:\/\/www.hmmp.com.hk\/hmmp_wp\/wp-content\/uploads\/2023\/06\/MerryChristmas-_7-854x560.jpg, https:\/\/www.hmmp.com.hk\/hmmp_wp\/wp-content\/uploads\/2023\/06\/MerryChristmas-_7-1708x1120.jpg 2x\" srcset=\"data:image\/gif;base64,R0lGODlhAQABAIAAAAAAAP\/\/\/yH5BAEAAAAALAAAAAABAAEAAAIBRAA7\" media=\"(max-width: 1024px)\" \/>\n\n<source data-depicter-srcset=\"https:\/\/www.hmmp.com.hk\/hmmp_wp\/wp-content\/uploads\/2023\/06\/MerryChristmas-_7-1140x746.jpg, https:\/\/www.hmmp.com.hk\/hmmp_wp\/wp-content\/uploads\/2023\/06\/MerryChristmas-_7-2280x1492.jpg 2x\" srcset=\"data:image\/gif;base64,R0lGODlhAQABAIAAAAAAAP\/\/\/yH5BAEAAAAALAAAAAABAAEAAAIBRAA7\" media=\"(min-width: 1025px)\" \/>\n<img decoding=\"async\" src=\"data:image\/gif;base64,R0lGODlhAQABAIAAAAAAAP\/\/\/yH5BAEAAAAALAAAAAABAAEAAAIBRAA7\" data-depicter-src=\"https:\/\/www.hmmp.com.hk\/hmmp_wp\/wp-content\/uploads\/2023\/06\/MerryChristmas-_7-1140x746.jpg\" alt=\"\" \/>\n<\/picture><\/div>\n\n<div id=\"depicter-44-section-28\" class=\"depicter-section depicter-44-section-28\" data-name=\"Slide 8\" data-local-id=\"section-28\">\n<picture id=\"depicter-44-element-29\" class=\"depicter-element depicter-layer depicter-44-element-29\" data-type=\"image\" data-wrap=\"true\" data-name=\"Image 10\" data-local-id=\"element-29\" data-offset=\"x:80px;y:0px;origin:tl\" data-tablet-offset=\"x:84px;y:0px;origin:tl\" data-mobile-offset=\"x:0px;y:0px;origin:mc\" data-width=\"1140px,855.75px,275.047px\" data-height=\"746px,560px,180px\" data-responsive-scale=\"true,,\" data-crop=\"false\">\n<source data-depicter-srcset=\"https:\/\/www.hmmp.com.hk\/hmmp_wp\/wp-content\/uploads\/2023\/06\/MerryChristmas-_8-275x180.jpg, https:\/\/www.hmmp.com.hk\/hmmp_wp\/wp-content\/uploads\/2023\/06\/MerryChristmas-_8-550x360.jpg 2x\" srcset=\"data:image\/gif;base64,R0lGODlhAQABAIAAAAAAAP\/\/\/yH5BAEAAAAALAAAAAABAAEAAAIBRAA7\" media=\"(max-width: 767px)\" \/>\n\n<source data-depicter-srcset=\"https:\/\/www.hmmp.com.hk\/hmmp_wp\/wp-content\/uploads\/2023\/06\/MerryChristmas-_8-854x560.jpg, https:\/\/www.hmmp.com.hk\/hmmp_wp\/wp-content\/uploads\/2023\/06\/MerryChristmas-_8-1708x1120.jpg 2x\" srcset=\"data:image\/gif;base64,R0lGODlhAQABAIAAAAAAAP\/\/\/yH5BAEAAAAALAAAAAABAAEAAAIBRAA7\" media=\"(max-width: 1024px)\" \/>\n\n<source data-depicter-srcset=\"https:\/\/www.hmmp.com.hk\/hmmp_wp\/wp-content\/uploads\/2023\/06\/MerryChristmas-_8-1140x746.jpg, https:\/\/www.hmmp.com.hk\/hmmp_wp\/wp-content\/uploads\/2023\/06\/MerryChristmas-_8-2280x1492.jpg 2x\" srcset=\"data:image\/gif;base64,R0lGODlhAQABAIAAAAAAAP\/\/\/yH5BAEAAAAALAAAAAABAAEAAAIBRAA7\" media=\"(min-width: 1025px)\" \/>\n<img decoding=\"async\" src=\"data:image\/gif;base64,R0lGODlhAQABAIAAAAAAAP\/\/\/yH5BAEAAAAALAAAAAABAAEAAAIBRAA7\" data-depicter-src=\"https:\/\/www.hmmp.com.hk\/hmmp_wp\/wp-content\/uploads\/2023\/06\/MerryChristmas-_8-1140x746.jpg\" alt=\"\" \/>\n<\/picture><\/div>\n<\/div>\n<script>\n(window.depicterSetups = window.depicterSetups || []).push(function(){\n\tDepicter.basePath = 'https:\/\/www.hmmp.com.hk\/hmmp_wp\/wp-content\/plugins\/depicter\/resources\/scripts\/player\/';\n\tconst dpPlayer = Depicter.setup('.depicter-44',\n\t\t{\"width\":[\"1300\",\"1024\",\"360\"],\"height\":[\"746\",\"560\",\"180\"],\"view\":\"basic\",\"keepAspectRatio\":true,\"preload\":0,\"layout\":\"boxed\",\"rtl\":false,\"initAfterAppear\":false,\"ajaxApiUrl\":\"https:\\\/\\\/www.hmmp.com.hk\\\/hmmp_wp\\\/wp-admin\\\/admin-ajax.php\",\"viewOptions\":{\"loop\":true},\"slideshow\":{\"autostart\":true},\"mouseSwipe\":true,\"touchSwipe\":true,\"useWatermark\":false}\n\t);\n});\n<\/script><\/div>\n\t\t\t\t\t\t<\/div>\n\t\t\t\t<\/div>\n\t\t\t\t\t<\/div>\n\t\t<\/div>\n\t\t\t\t\t<\/div>\n\t\t<\/section>\n\t\t\t\t<section class=\"elementor-section elementor-top-section elementor-element elementor-element-74aef67 elementor-section-boxed elementor-section-height-default elementor-section-height-default\" data-id=\"74aef67\" data-element_type=\"section\">\n\t\t\t\t\t\t<div class=\"elementor-container elementor-column-gap-default\">\n\t\t\t\t\t<div class=\"elementor-column elementor-col-100 elementor-top-column elementor-element elementor-element-86d9447\" data-id=\"86d9447\" data-element_type=\"column\">\n\t\t\t<div class=\"elementor-widget-wrap elementor-element-populated\">\n\t\t\t\t\t\t<div class=\"elementor-element elementor-element-132225c elementor-widget elementor-widget-text-editor\" data-id=\"132225c\" data-element_type=\"widget\" data-widget_type=\"text-editor.default\">\n\t\t\t\t<div class=\"elementor-widget-container\">\n\t\t\t\t\t\t\t\t\t<p>\u966a\u60a8\u904e\u8056\u8a95\uff1a\u7dad\u5065\u91ab\u52d9\u6709\u9650\u516c\u53f8\u5c07\u5152\u7ae5\u548c\u8001\u4eba\u805a\u96c6\u5728\u4e00\u8d77\u6176\u795d\u8056\u8a95\u5feb\u6a02\u3002<\/p>\n<p>\u7dad\u5065\u91ab\u52d9\u6709\u9650\u516c\u53f8\u8209\u8fa6\u4e86\u4e00\u5e74\u4e00\u5ea6\u7684\u6d3b\u52d5\uff0c\u4ed6\u5011\u9080\u8acb\u5404\u500b\u5206\u5340\u7684\u5c0f\u5b78\u70ba\u8001\u5e74\u4eba\u8868\u6f14\u3002\u76ee\u6a19\u662f\u901a\u904e\u4ee3\u969b\u4e92\u52d5\u5728\u7bc0\u65e5\u671f\u9593\u50b3\u64ad\u6b61\u6a02\u548c\u5e78\u798f\u3002<\/p>\n<p>\u901a\u904e\u5c07\u5152\u7ae5\u548c\u8001\u4eba\u805a\u96c6\u5728\u4e00\u8d77\uff0c\u6211\u5011\u65e8\u5728\u70ba\u9019\u5169\u500b\u7fa4\u9ad4\u5275\u9020\u6709\u610f\u7fa9\u7684\u9ad4\u9a57\uff0c\u540c\u6642\u4fc3\u9032\u793e\u5340\u611f\u548c\u5718\u7d50\u611f\uff01<\/p>\t\t\t\t\t\t\t\t<\/div>\n\t\t\t\t<\/div>\n\t\t\t\t\t<\/div>\n\t\t<\/div>\n\t\t\t\t\t<\/div>\n\t\t<\/section>\n\t\t\t\t<\/div>\n\t\t","protected":false},"excerpt":{"rendered":"<p>\u00e9\u2122\u00aa\u00e6\u201a\u00a8\u00e9\u0081\u017d\u00e8\u0081\u2013\u00e8\u00aa\u2022\u00ef\u00bc\u0161\u00e7\u00b6\u00ad\u00e5\u0081\u00a5\u00e9\u2020\u00ab\u00e5\u2039\u2122\u00e6\u0153\u2030\u00e9\u2122\u0090\u00e5\u2026\u00ac\u00e5\u008f\u00b8\u00e5\u00b0\u2021\u00e5\u2026\u2019\u00e7\u00ab\u00a5\u00e5\u2019\u0152\u00e8\u20ac\u0081\u00e4\u00ba\u00ba\u00e8\u0081\u0161\u00e9\u203a\u2020\u00e5\u0153\u00a8\u00e4\u00b8\u20ac\u00e8\u00b5\u00b7\u00e6\u2026\u00b6\u00e7\u00a5\u009d\u00e8\u0081\u2013\u00e8\u00aa\u2022\u00e5\u00bf\u00ab\u00e6\u00a8\u201a\u00e3\u20ac\u201a \u00e7\u00b6\u00ad\u00e5\u0081\u00a5\u00e9\u2020\u00ab\u00e5\u2039\u2122\u00e6\u0153\u2030\u00e9\u2122\u0090\u00e5\u2026\u00ac\u00e5\u008f\u00b8\u00e8\u02c6\u2030\u00e8\u00be\u00a6\u00e4\u00ba\u2020\u00e4\u00b8\u20ac\u00e5\u00b9\u00b4\u00e4\u00b8\u20ac\u00e5\u00ba\u00a6\u00e7\u0161\u201e\u00e6\u00b4\u00bb\u00e5\u2039\u2022\u00ef\u00bc\u0152\u00e4\u00bb\u2013\u00e5\u20ac\u2018\u00e9\u201a\u20ac\u00e8\u00ab\u2039\u00e5\u0090\u201e\u00e5\u20ac\u2039\u00e5\u02c6\u2020\u00e5\u008d\u20ac\u00e7\u0161\u201e\u00e5\u00b0\u008f\u00e5\u00ad\u00b8\u00e7\u201a\u00ba\u00e8\u20ac\u0081\u00e5\u00b9\u00b4\u00e4\u00ba\u00ba\u00e8\u00a1\u00a8\u00e6\u00bc\u201d\u00e3\u20ac\u201a\u00e7\u203a\u00ae\u00e6\u00a8\u2122\u00e6\u02dc\u00af\u00e9\u20ac\u0161\u00e9\u0081\u017d\u00e4\u00bb\u00a3\u00e9\u0161\u203a\u00e4\u00ba\u2019\u00e5\u2039\u2022\u00e5\u0153\u00a8\u00e7\u00af\u20ac\u00e6\u2014\u00a5\u00e6\u0153\u0178\u00e9\u2013\u201c\u00e5\u201a\u00b3\u00e6\u2019\u00ad\u00e6\u00ad\u00a1\u00e6\u00a8\u201a\u00e5\u2019\u0152\u00e5\u00b9\u00b8\u00e7\u00a6\u008f\u00e3\u20ac\u201a \u00e9\u20ac\u0161\u00e9\u0081\u017d\u00e5\u00b0\u2021\u00e5\u2026\u2019\u00e7\u00ab\u00a5\u00e5\u2019\u0152\u00e8\u20ac\u0081\u00e4\u00ba\u00ba\u00e8\u0081\u0161\u00e9\u203a\u2020\u00e5\u0153\u00a8\u00e4\u00b8\u20ac\u00e8\u00b5\u00b7\u00ef\u00bc\u0152\u00e6\u02c6\u2018\u00e5\u20ac\u2018\u00e6\u2014\u00a8\u00e5\u0153\u00a8\u00e7\u201a\u00ba\u00e9\u20ac\u2122\u00e5\u2026\u00a9\u00e5\u20ac\u2039\u00e7\u00be\u00a4\u00e9\u00ab\u201d\u00e5\u2030\u00b5\u00e9\u20ac\u00a0\u00e6\u0153\u2030\u00e6\u201e\u008f\u00e7\u00be\u00a9\u00e7\u0161\u201e\u00e9\u00ab\u201d\u00e9\u00a9\u2014\u00ef\u00bc\u0152\u00e5\u0090\u0152\u00e6\u2122\u201a\u00e4\u00bf\u0192\u00e9\u20ac\u00b2\u00e7\u00a4\u00be\u00e5\u008d\u20ac\u00e6\u201e\u0178\u00e5\u2019\u0152\u00e5\u0153\u02dc\u00e7\u00b5\u0090\u00e6\u201e\u0178\u00ef\u00bc\u0081<\/p>\n","protected":false},"author":1,"featured_media":0,"parent":256,"menu_order":0,"comment_status":"closed","ping_status":"closed","template":"","meta":{"ub_ctt_via":"","vkexunit_cta_each_option":"","footnotes":""},"class_list":["post-364","page","type-page","status-publish","hentry"],"featured_image_src":null,"_links":{"self":[{"href":"https:\/\/www.hmmp.com.hk\/hmmp_wp\/wp-json\/wp\/v2\/pages\/364","targetHints":{"allow":["GET"]}}],"collection":[{"href":"https:\/\/www.hmmp.com.hk\/hmmp_wp\/wp-json\/wp\/v2\/pages"}],"about":[{"href":"https:\/\/www.hmmp.com.hk\/hmmp_wp\/wp-json\/wp\/v2\/types\/page"}],"author":[{"embeddable":true,"href":"https:\/\/www.hmmp.com.hk\/hmmp_wp\/wp-json\/wp\/v2\/users\/1"}],"replies":[{"embeddable":true,"href":"https:\/\/www.hmmp.com.hk\/hmmp_wp\/wp-json\/wp\/v2\/comments?post=364"}],"version-history":[{"count":9,"href":"https:\/\/www.hmmp.com.hk\/hmmp_wp\/wp-json\/wp\/v2\/pages\/364\/revisions"}],"predecessor-version":[{"id":2411,"href":"https:\/\/www.hmmp.com.hk\/hmmp_wp\/wp-json\/wp\/v2\/pages\/364\/revisions\/2411"}],"up":[{"embeddable":true,"href":"https:\/\/www.hmmp.com.hk\/hmmp_wp\/wp-json\/wp\/v2\/pages\/256"}],"wp:attachment":[{"href":"https:\/\/www.hmmp.com.hk\/hmmp_wp\/wp-json\/wp\/v2\/media?parent=364"}],"curies":[{"name":"wp","href":"https:\/\/api.w.org\/{rel}","templated":true}]}}