{"id":117,"date":"2023-02-24T02:26:46","date_gmt":"2023-02-24T02:26:46","guid":{"rendered":"https:\/\/www.hmmp.com.hk\/hmmp_wp\/?page_id=117"},"modified":"2023-06-15T03:16:27","modified_gmt":"2023-06-15T03:16:27","slug":"about_zh","status":"publish","type":"page","link":"https:\/\/www.hmmp.com.hk\/hmmp_wp\/about_zh\/","title":{"rendered":"\u95dc\u65bc\u6211\u5011"},"content":{"rendered":"\t\t<div data-elementor-type=\"wp-page\" data-elementor-id=\"117\" class=\"elementor elementor-117\">\n\t\t\t\t\t\t<section class=\"elementor-section elementor-top-section elementor-element elementor-element-cc8673c elementor-section-boxed elementor-section-height-default elementor-section-height-default\" data-id=\"cc8673c\" data-element_type=\"section\" data-settings=\"{&quot;background_background&quot;:&quot;classic&quot;}\">\n\t\t\t\t\t\t<div class=\"elementor-container elementor-column-gap-no\">\n\t\t\t\t\t<div class=\"elementor-column elementor-col-50 elementor-top-column elementor-element elementor-element-615d653\" data-id=\"615d653\" data-element_type=\"column\">\n\t\t\t<div class=\"elementor-widget-wrap elementor-element-populated\">\n\t\t\t\t\t\t<div class=\"elementor-element elementor-element-6228b79 elementor-widget elementor-widget-heading\" data-id=\"6228b79\" data-element_type=\"widget\" data-widget_type=\"heading.default\">\n\t\t\t\t<div class=\"elementor-widget-container\">\n\t\t\t\t\t<h1 class=\"elementor-heading-title elementor-size-default\">\u516c\u53f8\u7c21\u4ecb<\/h1>\t\t\t\t<\/div>\n\t\t\t\t<\/div>\n\t\t\t\t<div class=\"elementor-element elementor-element-1f87103 elementor-widget elementor-widget-text-editor\" data-id=\"1f87103\" data-element_type=\"widget\" data-widget_type=\"text-editor.default\">\n\t\t\t\t<div class=\"elementor-widget-container\">\n\t\t\t\t\t\t\t\t\t<p>\u7dad\u5065\u91ab\u52d9\u6709\u9650\u516c\u53f8(\u4ee5\u4e0b\u7c21\u7a31\u7dad\u5065\u91ab\u52d9) \u70ba\u4e00\u9593\u7d9c\u5408\u8fd1660\u9593\u91ab\u7642\u8a3a\u6240 (\u5305\u62ec 270 \u4f4d\u5c08\u79d1\u91ab\u751f)\u30017\u9593\u7259\u79d1\u8a3a\u6240\u3001\u7269\u7406\u7642\u6cd5\u4e2d\u5fc3\u3001\u4e2d\u91ab\u8a3a\u6240\u53ca\u5316\u9a57\u6240\u7684\u91ab\u7642\u7db2\u7d61\u4e2d\u5fc3\u3002\u7db2\u7d61\u65d7\u4e0b\u7684\u8a3a\u6240\u53ca\u4e2d\u5fc3\uff0c\u5206\u5225\u904d\u4f48\u5168\u6e2f\u5404\u4e3b\u8981\u5730\u9ede\uff0c\u4e26\u7531\u5408\u683c\u53ca\u8cc7\u6df1\u91ab\u5e2b\u3001\u5c08\u79d1\u91ab\u751f\u3001\u7269\u7406\u7642\u6cd5\u5e2b\u3001\u4e2d\u91ab\u53ca\u5316\u9a57\u4eba\u54e1\u64d4\u4efb\u8077\u52d9\u3002<\/p>\n<p>\u4f5c\u70ba\u4e00\u7fa4\u5c08\u696d\u4eba\u58eb\uff0c\u9664\u4e86\u70ba\u5ba2\u6236\u63d0\u4f9b\u5408\u7406\u50f9\u9322\u7684\u670d\u52d9\u5916\uff0c\u6211\u5011\u4ea6\u5341\u5206\u91cd\u8996\u5c08\u696d\u64cd\u5b88\u53ca\u91ab\u7642\u8cea\u7d20\u3002\u65bc\u9019\u5169\u65b9\u9762\uff0c\u6240\u6709\u91ab\u8b77\u4eba\u54e1\u53ca\u54e1\u5de5\u5747\u56b4\u5b88\u9ad8\u5ea6\u81ea\u6211\u76e3\u7ba1\uff0c\u52d9\u6c42\u63d0\u4f9b\u6700\u5c08\u696d\u7684\u670d\u52d9\u3002<\/p>\n<p>\u6211\u5011\u662f\u9996\u9593\u70ba\u516c\u53f8\u5ba2\u6236\u53ca\u6703\u54e1\u63d0\u4f9b\u7121\u54ad\u5236\u5ea6\u7684\u516c\u53f8\uff0c\u6703\u54e1\u53ea\u9700\u65bc\u8a3a\u6240\u51fa\u793a\u9999\u6e2f\u8eab\u4efd\u8a3c\uff0c\u8a3a\u6240\u8077\u54e1\u4fbf\u53ef\u6838\u5c0d\u5176\u8eab\u4efd\u53ca\u6240\u4eab\u6709\u7684\u798f\u5229\u3002\u9019\u4e0d\u50c5\u65b9\u4fbf\u6703\u54e1\uff0c\u540c\u6642\uff0c\u4ea6\u70ba\u4eba\u529b\u8cc7\u6e90\u90e8\u7701\u537b\u6838\u5c0d\u3001\u5206\u6d3e\u53ca\u6536\u96c6\u91ab\u7642\u54ad\u7684\u6642\u9593\u53ca\u91d1\u9322\u3002\u81f3\u4eca\uff0c\u7dad\u5065\u91ab\u52d9\u4ecd\u4e0d\u65b7\u63d0\u9ad8\u6280\u8853\uff0c\u52d9\u6c42\u63d0\u4f9b\u66f4\u512a\u8cea\u7684\u670d\u52d9\u3002<\/p>\t\t\t\t\t\t\t\t<\/div>\n\t\t\t\t<\/div>\n\t\t\t\t\t<\/div>\n\t\t<\/div>\n\t\t\t\t<div class=\"elementor-column elementor-col-50 elementor-top-column elementor-element elementor-element-544cd25\" data-id=\"544cd25\" data-element_type=\"column\">\n\t\t\t<div class=\"elementor-widget-wrap elementor-element-populated\">\n\t\t\t\t\t\t<div class=\"elementor-element elementor-element-f0dc137 elementor-widget elementor-widget-image\" data-id=\"f0dc137\" data-element_type=\"widget\" data-widget_type=\"image.default\">\n\t\t\t\t<div class=\"elementor-widget-container\">\n\t\t\t\t\t\t\t\t\t\t\t\t\t\t\t<img fetchpriority=\"high\" decoding=\"async\" width=\"800\" height=\"450\" src=\"https:\/\/www.hmmp.com.hk\/hmmp_wp\/wp-content\/uploads\/2023\/05\/general_3.jpg\" class=\"attachment-large size-large wp-image-1478\" alt=\"\" srcset=\"https:\/\/www.hmmp.com.hk\/hmmp_wp\/wp-content\/uploads\/2023\/05\/general_3.jpg 800w, https:\/\/www.hmmp.com.hk\/hmmp_wp\/wp-content\/uploads\/2023\/05\/general_3-300x169.jpg 300w, https:\/\/www.hmmp.com.hk\/hmmp_wp\/wp-content\/uploads\/2023\/05\/general_3-768x432.jpg 768w, https:\/\/www.hmmp.com.hk\/hmmp_wp\/wp-content\/uploads\/2023\/05\/general_3-200x113.jpg 200w, https:\/\/www.hmmp.com.hk\/hmmp_wp\/wp-content\/uploads\/2023\/05\/general_3-320x180.jpg 320w, https:\/\/www.hmmp.com.hk\/hmmp_wp\/wp-content\/uploads\/2023\/05\/general_3-24x14.jpg 24w, https:\/\/www.hmmp.com.hk\/hmmp_wp\/wp-content\/uploads\/2023\/05\/general_3-36x20.jpg 36w, https:\/\/www.hmmp.com.hk\/hmmp_wp\/wp-content\/uploads\/2023\/05\/general_3-48x27.jpg 48w\" sizes=\"(max-width: 800px) 100vw, 800px\" \/>\t\t\t\t\t\t\t\t\t\t\t\t\t\t\t<\/div>\n\t\t\t\t<\/div>\n\t\t\t\t\t<\/div>\n\t\t<\/div>\n\t\t\t\t\t<\/div>\n\t\t<\/section>\n\t\t\t\t<section class=\"elementor-section elementor-top-section elementor-element elementor-element-a203597 elementor-section-boxed elementor-section-height-default elementor-section-height-default\" data-id=\"a203597\" data-element_type=\"section\">\n\t\t\t\t\t\t<div class=\"elementor-container elementor-column-gap-no\">\n\t\t\t\t\t<div class=\"elementor-column elementor-col-100 elementor-top-column elementor-element elementor-element-9b25e1a\" data-id=\"9b25e1a\" data-element_type=\"column\">\n\t\t\t<div class=\"elementor-widget-wrap elementor-element-populated\">\n\t\t\t\t\t\t<div class=\"elementor-element elementor-element-8ec11b6 elementor-widget elementor-widget-spacer\" data-id=\"8ec11b6\" data-element_type=\"widget\" data-widget_type=\"spacer.default\">\n\t\t\t\t<div class=\"elementor-widget-container\">\n\t\t\t\t\t\t\t<div class=\"elementor-spacer\">\n\t\t\t<div class=\"elementor-spacer-inner\"><\/div>\n\t\t<\/div>\n\t\t\t\t\t\t<\/div>\n\t\t\t\t<\/div>\n\t\t\t\t<div class=\"elementor-element elementor-element-1159cc0 elementor-widget elementor-widget-heading\" data-id=\"1159cc0\" data-element_type=\"widget\" data-widget_type=\"heading.default\">\n\t\t\t\t<div class=\"elementor-widget-container\">\n\t\t\t\t\t<h1 class=\"elementor-heading-title elementor-size-default\">\u6211\u5011\u7684\u50f9\u503c<\/h1>\t\t\t\t<\/div>\n\t\t\t\t<\/div>\n\t\t\t\t<section class=\"elementor-section elementor-inner-section elementor-element elementor-element-54b6099 elementor-section-full_width elementor-section-height-default elementor-section-height-default\" data-id=\"54b6099\" data-element_type=\"section\">\n\t\t\t\t\t\t<div class=\"elementor-container elementor-column-gap-default\">\n\t\t\t\t\t<div class=\"elementor-column elementor-col-33 elementor-inner-column elementor-element elementor-element-4efa541\" data-id=\"4efa541\" data-element_type=\"column\">\n\t\t\t<div class=\"elementor-widget-wrap elementor-element-populated\">\n\t\t\t\t\t\t<div class=\"elementor-element elementor-element-945fd51 elementor-position-top elementor-widget elementor-widget-image-box\" data-id=\"945fd51\" data-element_type=\"widget\" data-widget_type=\"image-box.default\">\n\t\t\t\t<div class=\"elementor-widget-container\">\n\t\t\t\t\t<div class=\"elementor-image-box-wrapper\"><figure class=\"elementor-image-box-img\"><img decoding=\"async\" width=\"128\" height=\"128\" src=\"https:\/\/www.hmmp.com.hk\/hmmp_wp\/wp-content\/uploads\/2023\/05\/customer-service.png\" class=\"attachment-full size-full wp-image-1481\" alt=\"\" srcset=\"https:\/\/www.hmmp.com.hk\/hmmp_wp\/wp-content\/uploads\/2023\/05\/customer-service.png 128w, https:\/\/www.hmmp.com.hk\/hmmp_wp\/wp-content\/uploads\/2023\/05\/customer-service-24x24.png 24w, https:\/\/www.hmmp.com.hk\/hmmp_wp\/wp-content\/uploads\/2023\/05\/customer-service-36x36.png 36w, https:\/\/www.hmmp.com.hk\/hmmp_wp\/wp-content\/uploads\/2023\/05\/customer-service-48x48.png 48w\" sizes=\"(max-width: 128px) 100vw, 128px\" \/><\/figure><div class=\"elementor-image-box-content\"><p class=\"elementor-image-box-title\">\u512a\u8cea\u670d\u52d9<\/p><\/div><\/div>\t\t\t\t<\/div>\n\t\t\t\t<\/div>\n\t\t\t\t\t<\/div>\n\t\t<\/div>\n\t\t\t\t<div class=\"elementor-column elementor-col-33 elementor-inner-column elementor-element elementor-element-692f7f6\" data-id=\"692f7f6\" data-element_type=\"column\">\n\t\t\t<div class=\"elementor-widget-wrap elementor-element-populated\">\n\t\t\t\t\t\t<div class=\"elementor-element elementor-element-1c641bc elementor-position-top elementor-widget elementor-widget-image-box\" data-id=\"1c641bc\" data-element_type=\"widget\" data-widget_type=\"image-box.default\">\n\t\t\t\t<div class=\"elementor-widget-container\">\n\t\t\t\t\t<div class=\"elementor-image-box-wrapper\"><figure class=\"elementor-image-box-img\"><img decoding=\"async\" width=\"128\" height=\"128\" src=\"https:\/\/www.hmmp.com.hk\/hmmp_wp\/wp-content\/uploads\/2023\/05\/dollar.png\" class=\"attachment-full size-full wp-image-1479\" alt=\"\" srcset=\"https:\/\/www.hmmp.com.hk\/hmmp_wp\/wp-content\/uploads\/2023\/05\/dollar.png 128w, https:\/\/www.hmmp.com.hk\/hmmp_wp\/wp-content\/uploads\/2023\/05\/dollar-24x24.png 24w, https:\/\/www.hmmp.com.hk\/hmmp_wp\/wp-content\/uploads\/2023\/05\/dollar-36x36.png 36w, https:\/\/www.hmmp.com.hk\/hmmp_wp\/wp-content\/uploads\/2023\/05\/dollar-48x48.png 48w\" sizes=\"(max-width: 128px) 100vw, 128px\" \/><\/figure><div class=\"elementor-image-box-content\"><p class=\"elementor-image-box-title\">\u5408\u7406\u50f9\u9322<\/p><\/div><\/div>\t\t\t\t<\/div>\n\t\t\t\t<\/div>\n\t\t\t\t\t<\/div>\n\t\t<\/div>\n\t\t\t\t<div class=\"elementor-column elementor-col-33 elementor-inner-column elementor-element elementor-element-3b1a409\" data-id=\"3b1a409\" data-element_type=\"column\">\n\t\t\t<div class=\"elementor-widget-wrap elementor-element-populated\">\n\t\t\t\t\t\t<div class=\"elementor-element elementor-element-74212aa elementor-position-top elementor-widget elementor-widget-image-box\" data-id=\"74212aa\" data-element_type=\"widget\" data-widget_type=\"image-box.default\">\n\t\t\t\t<div class=\"elementor-widget-container\">\n\t\t\t\t\t<div class=\"elementor-image-box-wrapper\"><figure class=\"elementor-image-box-img\"><img loading=\"lazy\" decoding=\"async\" width=\"128\" height=\"128\" src=\"https:\/\/www.hmmp.com.hk\/hmmp_wp\/wp-content\/uploads\/2023\/05\/relationship.png\" class=\"attachment-full size-full wp-image-1480\" alt=\"\" srcset=\"https:\/\/www.hmmp.com.hk\/hmmp_wp\/wp-content\/uploads\/2023\/05\/relationship.png 128w, https:\/\/www.hmmp.com.hk\/hmmp_wp\/wp-content\/uploads\/2023\/05\/relationship-24x24.png 24w, https:\/\/www.hmmp.com.hk\/hmmp_wp\/wp-content\/uploads\/2023\/05\/relationship-36x36.png 36w, https:\/\/www.hmmp.com.hk\/hmmp_wp\/wp-content\/uploads\/2023\/05\/relationship-48x48.png 48w\" sizes=\"(max-width: 128px) 100vw, 128px\" \/><\/figure><div class=\"elementor-image-box-content\"><p class=\"elementor-image-box-title\">\u8aa0\u4fe1\u53ef\u9760<\/p><\/div><\/div>\t\t\t\t<\/div>\n\t\t\t\t<\/div>\n\t\t\t\t\t<\/div>\n\t\t<\/div>\n\t\t\t\t\t<\/div>\n\t\t<\/section>\n\t\t\t\t\t<\/div>\n\t\t<\/div>\n\t\t\t\t\t<\/div>\n\t\t<\/section>\n\t\t\t\t<section class=\"elementor-section elementor-top-section elementor-element elementor-element-f61b6d0 elementor-section-boxed elementor-section-height-default elementor-section-height-default\" data-id=\"f61b6d0\" data-element_type=\"section\" data-settings=\"{&quot;background_background&quot;:&quot;classic&quot;}\">\n\t\t\t\t\t\t<div class=\"elementor-container elementor-column-gap-no\">\n\t\t\t\t\t<div class=\"elementor-column elementor-col-50 elementor-top-column elementor-element elementor-element-89477cf\" data-id=\"89477cf\" data-element_type=\"column\">\n\t\t\t<div class=\"elementor-widget-wrap elementor-element-populated\">\n\t\t\t\t\t\t<div class=\"elementor-element elementor-element-e1d18b3 elementor-widget elementor-widget-image\" data-id=\"e1d18b3\" data-element_type=\"widget\" data-widget_type=\"image.default\">\n\t\t\t\t<div class=\"elementor-widget-container\">\n\t\t\t\t\t\t\t\t\t\t\t\t\t\t\t<img loading=\"lazy\" decoding=\"async\" width=\"960\" height=\"673\" src=\"https:\/\/www.hmmp.com.hk\/hmmp_wp\/wp-content\/uploads\/2023\/05\/About_usPic2.jpg\" class=\"attachment-large size-large wp-image-1482\" alt=\"\" srcset=\"https:\/\/www.hmmp.com.hk\/hmmp_wp\/wp-content\/uploads\/2023\/05\/About_usPic2.jpg 960w, https:\/\/www.hmmp.com.hk\/hmmp_wp\/wp-content\/uploads\/2023\/05\/About_usPic2-300x210.jpg 300w, https:\/\/www.hmmp.com.hk\/hmmp_wp\/wp-content\/uploads\/2023\/05\/About_usPic2-768x538.jpg 768w, https:\/\/www.hmmp.com.hk\/hmmp_wp\/wp-content\/uploads\/2023\/05\/About_usPic2-200x140.jpg 200w, https:\/\/www.hmmp.com.hk\/hmmp_wp\/wp-content\/uploads\/2023\/05\/About_usPic2-24x17.jpg 24w, https:\/\/www.hmmp.com.hk\/hmmp_wp\/wp-content\/uploads\/2023\/05\/About_usPic2-36x25.jpg 36w, https:\/\/www.hmmp.com.hk\/hmmp_wp\/wp-content\/uploads\/2023\/05\/About_usPic2-48x34.jpg 48w\" sizes=\"(max-width: 960px) 100vw, 960px\" \/>\t\t\t\t\t\t\t\t\t\t\t\t\t\t\t<\/div>\n\t\t\t\t<\/div>\n\t\t\t\t\t<\/div>\n\t\t<\/div>\n\t\t\t\t<div class=\"elementor-column elementor-col-50 elementor-top-column elementor-element elementor-element-9a4b6be\" data-id=\"9a4b6be\" data-element_type=\"column\">\n\t\t\t<div class=\"elementor-widget-wrap elementor-element-populated\">\n\t\t\t\t\t\t<div class=\"elementor-element elementor-element-bf91f18 elementor-widget elementor-widget-heading\" data-id=\"bf91f18\" data-element_type=\"widget\" data-widget_type=\"heading.default\">\n\t\t\t\t<div class=\"elementor-widget-container\">\n\t\t\t\t\t<h1 class=\"elementor-heading-title elementor-size-default\">\u6211\u5011\u7684\u9858\u666f<\/h1>\t\t\t\t<\/div>\n\t\t\t\t<\/div>\n\t\t\t\t<div class=\"elementor-element elementor-element-fb6159b elementor-widget elementor-widget-text-editor\" data-id=\"fb6159b\" data-element_type=\"widget\" data-widget_type=\"text-editor.default\">\n\t\t\t\t<div class=\"elementor-widget-container\">\n\t\t\t\t\t\t\t\t\t<p>\u7dad\u5065\u91ab\u52d9\u73fe\u6642\u70ba\u8d85\u904e6000\u591a\u9593\u8de8\u570b\u516c\u53f8\u53ca\u9999\u6e2f\u4e3b\u8981\u6a5f\u69cb\u5305\u62ec\u653f\u5e9c\u90e8\u9580\u63d0\u4f9b\u670d\u52d9\u3002\u6df1\u53d7\u96c6\u5718\u65b9\u91dd\u7684\u5f71\u97ff\u53ca\u4e0d\u65b7\u7684\u52aa\u529b\uff0c\u7dad\u5065\u91ab\u52d9\u7121\u8ad6\u5728\u91ab\u8b77\u4eba\u54e1\u7684\u8cea\u7d20\u53ca\u6280\u8853\uff0c\u65e9\u5df1\u7372\u4fe1\u8cf4\u53ca\u8a8d\u540c\uff0c\u88ab\u5404\u5ba2\u6236\u53ca\u5546\u696d\u4f19\u4f34\u59d4\u4ee5\u91cd\u4efb\u3002<\/p>\n<p>\u6211\u5011\u6df1\u4fe1\u7368\u7acb\u6703\u54e1\u3001\u516c\u53f8\u5ba2\u6236\u53ca\u4eba\u529b\u8cc7\u6e90\u90e8\u4eba\u54e1\u7684\u8003\u616e\u53ca\u9700\u8981\u5747\u5341\u5206\u91cd\u8981\uff0c\u4ea6\u662f\u6211\u5011\u91d0\u5b9a\u670d\u52d9\u6a19\u6e96\u53ca\u8cea\u7d20\u7684\u6e96\u5247\u3002<\/p>\n<p>\u6211\u5011\u70ba\u6703\u54e1\u53ca\u516c\u53f8\u63d0\u4f9b\u8207\u91ab\u7642\u76f8\u95dc\u7684\u5404\u985e\u670d\u52d9\uff0c\u65e8\u70ba\u6703\u54e1\u53ca\u4f01\u696d\uff0c\u6539\u5584\u91ab\u7642\u8cea\u7d20\u3001\u6e1b\u4f4e\u91ab\u7642\u6210\u672c\u53ca\u98a8\u96aa\u3002\u8a73\u60c5\u8acb\u53c3\u8003\u6211\u5011\u7684\u7db2\u7d61\u670d\u52d9\u3002<\/p>\t\t\t\t\t\t\t\t<\/div>\n\t\t\t\t<\/div>\n\t\t\t\t\t<\/div>\n\t\t<\/div>\n\t\t\t\t\t<\/div>\n\t\t<\/section>\n\t\t\t\t<\/div>\n\t\t","protected":false},"excerpt":{"rendered":"<p>\u00e5\u2026\u00ac\u00e5\u008f\u00b8\u00e7\u00b0\u00a1\u00e4\u00bb\u2039 \u00e7\u00b6\u00ad\u00e5\u0081\u00a5\u00e9\u2020\u00ab\u00e5\u2039\u2122\u00e6\u0153\u2030\u00e9\u2122\u0090\u00e5\u2026\u00ac\u00e5\u008f\u00b8(\u00e4\u00bb\u00a5\u00e4\u00b8\u2039\u00e7\u00b0\u00a1\u00e7\u00a8\u00b1\u00e7\u00b6\u00ad\u00e5\u0081\u00a5\u00e9\u2020\u00ab\u00e5\u2039\u2122) \u00e7\u201a\u00ba\u00e4\u00b8\u20ac\u00e9\u2013\u201c\u00e7\u00b6\u0153\u00e5\u0090\u02c6\u00e8\u00bf\u2018660\u00e9\u2013\u201c\u00e9\u2020\u00ab\u00e7\u2122\u201a\u00e8\u00a8\u00ba\u00e6\u2030\u20ac (\u00e5\u0152\u2026\u00e6\u2039\u00ac 270 \u00e4\u00bd\u008d\u00e5\u00b0\u02c6\u00e7\u00a7\u2018\u00e9\u2020\u00ab\u00e7\u201d\u0178)\u00e3\u20ac\u00817\u00e9\u2013\u201c\u00e7\u2030\u2122\u00e7\u00a7\u2018\u00e8\u00a8\u00ba\u00e6\u2030\u20ac\u00e3\u20ac\u0081\u00e7\u2030\u00a9\u00e7\u0090\u2020\u00e7\u2122\u201a\u00e6\u00b3\u2022\u00e4\u00b8\u00ad\u00e5\u00bf\u0192\u00e3\u20ac\u0081\u00e4\u00b8\u00ad\u00e9\u2020\u00ab\u00e8\u00a8\u00ba\u00e6\u2030\u20ac\u00e5\u008f\u0160\u00e5\u0152\u2013\u00e9\u00a9\u2014\u00e6\u2030\u20ac\u00e7\u0161\u201e\u00e9\u2020\u00ab\u00e7\u2122\u201a\u00e7\u00b6\u00b2\u00e7\u00b5\u00a1\u00e4\u00b8\u00ad\u00e5\u00bf\u0192\u00e3\u20ac\u201a\u00e7\u00b6\u00b2\u00e7\u00b5\u00a1\u00e6\u2014\u2014\u00e4\u00b8\u2039\u00e7\u0161\u201e\u00e8\u00a8\u00ba\u00e6\u2030\u20ac\u00e5\u008f\u0160\u00e4\u00b8\u00ad\u00e5\u00bf\u0192\u00ef\u00bc\u0152\u00e5\u02c6\u2020\u00e5\u02c6\u00a5\u00e9\u0081\u008d\u00e4\u00bd\u02c6\u00e5\u2026\u00a8\u00e6\u00b8\u00af\u00e5\u0090\u201e\u00e4\u00b8\u00bb\u00e8\u00a6\u0081\u00e5\u0153\u00b0\u00e9\u00bb\u017e\u00ef\u00bc\u0152\u00e4\u00b8\u00a6\u00e7\u201d\u00b1\u00e5\u0090\u02c6\u00e6\u00a0\u00bc\u00e5\u008f\u0160\u00e8\u00b3\u2021\u00e6\u00b7\u00b1\u00e9\u2020\u00ab\u00e5\u00b8\u00ab\u00e3\u20ac\u0081\u00e5\u00b0\u02c6\u00e7\u00a7\u2018\u00e9\u2020\u00ab\u00e7\u201d\u0178\u00e3\u20ac\u0081\u00e7\u2030\u00a9\u00e7\u0090\u2020\u00e7\u2122\u201a\u00e6\u00b3\u2022\u00e5\u00b8\u00ab\u00e3\u20ac\u0081\u00e4\u00b8\u00ad\u00e9\u2020\u00ab\u00e5\u008f\u0160\u00e5\u0152\u2013\u00e9\u00a9\u2014\u00e4\u00ba\u00ba\u00e5\u201c\u00a1\u00e6\u201c\u201d\u00e4\u00bb\u00bb\u00e8\u0081\u00b7\u00e5\u2039\u2122\u00e3\u20ac\u201a \u00e4\u00bd\u0153\u00e7\u201a\u00ba\u00e4\u00b8\u20ac\u00e7\u00be\u00a4\u00e5\u00b0\u02c6\u00e6\u00a5\u00ad\u00e4\u00ba\u00ba\u00e5\u00a3\u00ab\u00ef\u00bc\u0152\u00e9\u2122\u00a4\u00e4\u00ba\u2020\u00e7\u201a\u00ba\u00e5\u00ae\u00a2\u00e6\u02c6\u00b6\u00e6\u008f\u0090\u00e4\u00be\u203a\u00e5\u0090\u02c6\u00e7\u0090\u2020\u00e5\u0192\u00b9\u00e9\u0152\u00a2\u00e7\u0161\u201e\u00e6\u0153\u008d\u00e5\u2039\u2122\u00e5\u00a4\u2013\u00ef\u00bc\u0152\u00e6\u02c6\u2018\u00e5\u20ac\u2018\u00e4\u00ba\u00a6\u00e5\u008d\u0081\u00e5\u02c6\u2020\u00e9\u2021\u008d\u00e8\u00a6\u2013\u00e5\u00b0\u02c6\u00e6\u00a5\u00ad\u00e6\u201c\u008d\u00e5\u00ae\u02c6\u00e5\u008f\u0160\u00e9\u2020\u00ab\u00e7\u2122\u201a\u00e8\u00b3\u00aa\u00e7\u00b4\u00a0\u00e3\u20ac\u201a\u00e6\u2013\u00bc\u00e9\u20ac\u2122\u00e5\u2026\u00a9\u00e6\u2013\u00b9\u00e9\u009d\u00a2\u00ef\u00bc\u0152\u00e6\u2030\u20ac\u00e6\u0153\u2030\u00e9\u2020\u00ab\u00e8\u00ad\u00b7\u00e4\u00ba\u00ba\u00e5\u201c\u00a1\u00e5\u008f\u0160\u00e5\u201c\u00a1\u00e5\u00b7\u00a5\u00e5\u009d\u2021\u00e5\u0161\u00b4\u00e5\u00ae\u02c6\u00e9\u00ab\u02dc\u00e5\u00ba\u00a6\u00e8\u2021\u00aa\u00e6\u02c6\u2018\u00e7\u203a\u00a3\u00e7\u00ae\u00a1\u00ef\u00bc\u0152\u00e5\u2039\u2122\u00e6\u00b1\u201a\u00e6\u008f\u0090\u00e4\u00be\u203a\u00e6\u0153\u20ac\u00e5\u00b0\u02c6\u00e6\u00a5\u00ad\u00e7\u0161\u201e\u00e6\u0153\u008d\u00e5\u2039\u2122\u00e3\u20ac\u201a \u00e6\u02c6\u2018\u00e5\u20ac\u2018\u00e6\u02dc\u00af\u00e9\u00a6\u2013\u00e9\u2013\u201c\u00e7\u201a\u00ba\u00e5\u2026\u00ac\u00e5\u008f\u00b8\u00e5\u00ae\u00a2\u00e6\u02c6\u00b6\u00e5\u008f\u0160\u00e6\u0153\u0192\u00e5\u201c\u00a1\u00e6\u008f\u0090\u00e4\u00be\u203a\u00e7\u201e\u00a1\u00e5\u2019\u00ad\u00e5\u02c6\u00b6\u00e5\u00ba\u00a6\u00e7\u0161\u201e\u00e5\u2026\u00ac\u00e5\u008f\u00b8\u00ef\u00bc\u0152\u00e6\u0153\u0192\u00e5\u201c\u00a1\u00e5\u008f\u00aa\u00e9\u0153\u20ac\u00e6\u2013\u00bc\u00e8\u00a8\u00ba\u00e6\u2030\u20ac\u00e5\u2021\u00ba\u00e7\u00a4\u00ba\u00e9\u00a6\u2122\u00e6\u00b8\u00af\u00e8\u00ba\u00ab\u00e4\u00bb\u00bd\u00e8\u00a8\u00bc\u00ef\u00bc\u0152\u00e8\u00a8\u00ba\u00e6\u2030\u20ac\u00e8\u0081\u00b7\u00e5\u201c\u00a1\u00e4\u00be\u00bf\u00e5\u008f\u00af\u00e6\u00a0\u00b8\u00e5\u00b0\u008d\u00e5\u2026\u00b6\u00e8\u00ba\u00ab\u00e4\u00bb\u00bd\u00e5\u008f\u0160\u00e6\u2030\u20ac\u00e4\u00ba\u00ab\u00e6\u0153\u2030\u00e7\u0161\u201e\u00e7\u00a6\u008f\u00e5\u02c6\u00a9\u00e3\u20ac\u201a\u00e9\u20ac\u2122\u00e4\u00b8\u008d\u00e5\u0192\u2026\u00e6\u2013\u00b9\u00e4\u00be\u00bf\u00e6\u0153\u0192\u00e5\u201c\u00a1\u00ef\u00bc\u0152\u00e5\u0090\u0152\u00e6\u2122\u201a\u00ef\u00bc\u0152\u00e4\u00ba\u00a6\u00e7\u201a\u00ba\u00e4\u00ba\u00ba\u00e5\u0160\u203a\u00e8\u00b3\u2021\u00e6\u00ba\u0090\u00e9\u0192\u00a8\u00e7\u0153\u0081\u00e5\u008d\u00bb\u00e6\u00a0\u00b8\u00e5\u00b0\u008d\u00e3\u20ac\u0081\u00e5\u02c6\u2020\u00e6\u00b4\u00be\u00e5\u008f\u0160\u00e6\u201d\u00b6\u00e9\u203a\u2020\u00e9\u2020\u00ab\u00e7\u2122\u201a\u00e5\u2019\u00ad\u00e7\u0161\u201e\u00e6\u2122\u201a\u00e9\u2013\u201c\u00e5\u008f\u0160\u00e9\u2021\u2018\u00e9\u0152\u00a2\u00e3\u20ac\u201a\u00e8\u2021\u00b3\u00e4\u00bb\u0160\u00ef\u00bc\u0152\u00e7\u00b6\u00ad\u00e5\u0081\u00a5\u00e9\u2020\u00ab\u00e5\u2039\u2122\u00e4\u00bb\u008d\u00e4\u00b8\u008d\u00e6\u2013\u00b7\u00e6\u008f\u0090\u00e9\u00ab\u02dc\u00e6\u0160\u20ac\u00e8\u00a1\u201c\u00ef\u00bc\u0152\u00e5\u2039\u2122\u00e6\u00b1\u201a\u00e6\u008f\u0090\u00e4\u00be\u203a\u00e6\u203a\u00b4\u00e5\u201e\u00aa\u00e8\u00b3\u00aa\u00e7\u0161\u201e\u00e6\u0153\u008d\u00e5\u2039\u2122\u00e3\u20ac\u201a \u00e6\u02c6\u2018\u00e5\u20ac\u2018\u00e7\u0161\u201e\u00e5\u0192\u00b9\u00e5\u20ac\u00bc \u00e5\u201e\u00aa\u00e8\u00b3\u00aa\u00e6\u0153\u008d\u00e5\u2039\u2122 \u00e5\u0090\u02c6\u00e7\u0090\u2020\u00e5\u0192\u00b9\u00e9\u0152\u00a2 \u00e8\u00aa\u00a0\u00e4\u00bf\u00a1\u00e5\u008f\u00af\u00e9\u009d\u00a0 \u00e6\u02c6\u2018\u00e5\u20ac\u2018\u00e7\u0161\u201e\u00e9\u00a1\u02dc\u00e6\u2122\u00af \u00e7\u00b6\u00ad\u00e5\u0081\u00a5\u00e9\u2020\u00ab\u00e5\u2039\u2122\u00e7\u008f\u00be\u00e6\u2122\u201a\u00e7\u201a\u00ba\u00e8\u00b6\u2026\u00e9\u0081\u017d6000\u00e5\u00a4\u0161\u00e9\u2013\u201c\u00e8\u00b7\u00a8\u00e5\u0153\u2039\u00e5\u2026\u00ac\u00e5\u008f\u00b8\u00e5\u008f\u0160\u00e9\u00a6\u2122\u00e6\u00b8\u00af\u00e4\u00b8\u00bb\u00e8\u00a6\u0081\u00e6\u00a9\u0178\u00e6\u00a7\u2039\u00e5\u0152\u2026\u00e6\u2039\u00ac\u00e6\u201d\u00bf\u00e5\u00ba\u0153\u00e9\u0192\u00a8\u00e9\u2013\u20ac\u00e6\u008f\u0090\u00e4\u00be\u203a\u00e6\u0153\u008d\u00e5\u2039\u2122\u00e3\u20ac\u201a\u00e6\u00b7\u00b1\u00e5\u008f\u2014\u00e9\u203a\u2020\u00e5\u0153\u02dc\u00e6\u2013\u00b9\u00e9\u2021\u009d\u00e7\u0161\u201e\u00e5\u00bd\u00b1\u00e9\u0178\u00bf\u00e5\u008f\u0160\u00e4\u00b8\u008d\u00e6\u2013\u00b7\u00e7\u0161\u201e\u00e5\u0160\u00aa\u00e5\u0160\u203a\u00ef\u00bc\u0152\u00e7\u00b6\u00ad\u00e5\u0081\u00a5\u00e9\u2020\u00ab\u00e5\u2039\u2122\u00e7\u201e\u00a1\u00e8\u00ab\u2013\u00e5\u0153\u00a8\u00e9\u2020\u00ab\u00e8\u00ad\u00b7\u00e4\u00ba\u00ba\u00e5\u201c\u00a1\u00e7\u0161\u201e\u00e8\u00b3\u00aa\u00e7\u00b4\u00a0\u00e5\u008f\u0160\u00e6\u0160\u20ac\u00e8\u00a1\u201c\u00ef\u00bc\u0152\u00e6\u2014\u00a9\u00e5\u00b7\u00b1\u00e7\u008d\u00b2\u00e4\u00bf\u00a1\u00e8\u00b3\u00b4\u00e5\u008f\u0160\u00e8\u00aa\u008d\u00e5\u0090\u0152\u00ef\u00bc\u0152\u00e8\u00a2\u00ab\u00e5\u0090\u201e\u00e5\u00ae\u00a2\u00e6\u02c6\u00b6\u00e5\u008f\u0160\u00e5\u2022\u2020\u00e6\u00a5\u00ad\u00e4\u00bc\u2122\u00e4\u00bc\u00b4\u00e5\u00a7\u201d\u00e4\u00bb\u00a5\u00e9\u2021\u008d\u00e4\u00bb\u00bb\u00e3\u20ac\u201a \u00e6\u02c6\u2018\u00e5\u20ac\u2018\u00e6\u00b7\u00b1\u00e4\u00bf\u00a1\u00e7\u008d\u00a8\u00e7\u00ab\u2039\u00e6\u0153\u0192\u00e5\u201c\u00a1\u00e3\u20ac\u0081\u00e5\u2026\u00ac\u00e5\u008f\u00b8\u00e5\u00ae\u00a2\u00e6\u02c6\u00b6\u00e5\u008f\u0160\u00e4\u00ba\u00ba\u00e5\u0160\u203a\u00e8\u00b3\u2021\u00e6\u00ba\u0090\u00e9\u0192\u00a8\u00e4\u00ba\u00ba\u00e5\u201c\u00a1\u00e7\u0161\u201e\u00e8\u20ac\u0192\u00e6\u2026\u00ae\u00e5\u008f\u0160\u00e9\u0153\u20ac\u00e8\u00a6\u0081\u00e5\u009d\u2021\u00e5\u008d\u0081\u00e5\u02c6\u2020\u00e9\u2021\u008d\u00e8\u00a6\u0081\u00ef\u00bc\u0152\u00e4\u00ba\u00a6\u00e6\u02dc\u00af\u00e6\u02c6\u2018\u00e5\u20ac\u2018\u00e9\u2021\u0090\u00e5\u00ae\u0161\u00e6\u0153\u008d\u00e5\u2039\u2122\u00e6\u00a8\u2122\u00e6\u00ba\u2013\u00e5\u008f\u0160\u00e8\u00b3\u00aa\u00e7\u00b4\u00a0\u00e7\u0161\u201e\u00e6\u00ba\u2013\u00e5\u2030\u2021\u00e3\u20ac\u201a \u00e6\u02c6\u2018\u00e5\u20ac\u2018\u00e7\u201a\u00ba\u00e6\u0153\u0192\u00e5\u201c\u00a1\u00e5\u008f\u0160\u00e5\u2026\u00ac\u00e5\u008f\u00b8\u00e6\u008f\u0090\u00e4\u00be\u203a\u00e8\u02c6\u2021\u00e9\u2020\u00ab\u00e7\u2122\u201a\u00e7\u203a\u00b8\u00e9\u2014\u0153\u00e7\u0161\u201e\u00e5\u0090\u201e\u00e9\u00a1\u017e\u00e6\u0153\u008d\u00e5\u2039\u2122\u00ef\u00bc\u0152\u00e6\u2014\u00a8\u00e7\u201a\u00ba\u00e6\u0153\u0192\u00e5\u201c\u00a1\u00e5\u008f\u0160\u00e4\u00bc\u0081\u00e6\u00a5\u00ad\u00ef\u00bc\u0152\u00e6\u201d\u00b9\u00e5\u2013\u201e\u00e9\u2020\u00ab\u00e7\u2122\u201a\u00e8\u00b3\u00aa\u00e7\u00b4\u00a0\u00e3\u20ac\u0081\u00e6\u00b8\u203a\u00e4\u00bd\u017d\u00e9\u2020\u00ab\u00e7\u2122\u201a\u00e6\u02c6\u0090\u00e6\u0153\u00ac\u00e5\u008f\u0160\u00e9\u00a2\u00a8\u00e9\u0161\u00aa\u00e3\u20ac\u201a\u00e8\u00a9\u00b3\u00e6\u0192\u2026\u00e8\u00ab\u2039\u00e5\u008f\u0192\u00e8\u20ac\u0192\u00e6\u02c6\u2018\u00e5\u20ac\u2018\u00e7\u0161\u201e\u00e7\u00b6\u00b2\u00e7\u00b5\u00a1\u00e6\u0153\u008d\u00e5\u2039\u2122\u00e3\u20ac\u201a<\/p>\n","protected":false},"author":1,"featured_media":0,"parent":0,"menu_order":0,"comment_status":"closed","ping_status":"closed","template":"","meta":{"ub_ctt_via":"","vkexunit_cta_each_option":"","footnotes":""},"class_list":["post-117","page","type-page","status-publish","hentry"],"featured_image_src":null,"_links":{"self":[{"href":"https:\/\/www.hmmp.com.hk\/hmmp_wp\/wp-json\/wp\/v2\/pages\/117","targetHints":{"allow":["GET"]}}],"collection":[{"href":"https:\/\/www.hmmp.com.hk\/hmmp_wp\/wp-json\/wp\/v2\/pages"}],"about":[{"href":"https:\/\/www.hmmp.com.hk\/hmmp_wp\/wp-json\/wp\/v2\/types\/page"}],"author":[{"embeddable":true,"href":"https:\/\/www.hmmp.com.hk\/hmmp_wp\/wp-json\/wp\/v2\/users\/1"}],"replies":[{"embeddable":true,"href":"https:\/\/www.hmmp.com.hk\/hmmp_wp\/wp-json\/wp\/v2\/comments?post=117"}],"version-history":[{"count":30,"href":"https:\/\/www.hmmp.com.hk\/hmmp_wp\/wp-json\/wp\/v2\/pages\/117\/revisions"}],"predecessor-version":[{"id":2398,"href":"https:\/\/www.hmmp.com.hk\/hmmp_wp\/wp-json\/wp\/v2\/pages\/117\/revisions\/2398"}],"wp:attachment":[{"href":"https:\/\/www.hmmp.com.hk\/hmmp_wp\/wp-json\/wp\/v2\/media?parent=117"}],"curies":[{"name":"wp","href":"https:\/\/api.w.org\/{rel}","templated":true}]}}